{"id":14051,"date":"2021-12-02T09:14:44","date_gmt":"2021-12-02T09:14:44","guid":{"rendered":"https:\/\/www.bergos.ch\/solutions\/strategic-advice\/"},"modified":"2025-08-26T13:22:47","modified_gmt":"2025-08-26T13:22:47","slug":"strategische-beratung","status":"publish","type":"page","link":"https:\/\/www.bergos.ch\/de\/solutions\/strategische-beratung\/","title":{"rendered":"Strategische Beratung"},"content":{"rendered":"\n<section id=\"section-block_71f3f0657830b0034d658b2e7752c952\" class=\"hero \">\n\t\t<div class=\"holder\">\n\t\t<div class=\"decoration\"><span class=\"parallax\" data-speed=\"0.2\"><\/span><\/div>\n\t\t<article>\n\t\t\t<div class=\"acf-innerblocks-container\">\n\n<h1 class=\"wp-block-heading has-text-align-center\"><strong><em>STRATEGISCHE<\/em><\/strong> <strong><em>BERATUNG<\/em><\/strong><\/h1>\n\n\n\n<div class=\"wp-block-group mobile-spacing-0\"><div class=\"wp-block-group__inner-container is-layout-constrained wp-block-group-is-layout-constrained\">\n<p><br>Als Ihr flexibler, langfristiger Partner arbeiten wir eng mit Ihnen zusammen, um ein tiefes Verst\u00e4ndnis f\u00fcr Ihre Ziele zu gewinnen, die sich wandelnden Marktbedingungen zu analysieren und gemeinsam eine massgeschneiderte Anlagestrategie zu entwickeln.<\/p>\n\n\n\n<p><br>Unser Ansatz stellt sicher, dass Ihre individuellen Ziele, Ihre Risikotoleranz und Ihre langfristige Perspektive in Einklang gebracht werden \u2013 und unterst\u00fctzt Sie so bei fundierten und selbstbewussten Entscheidungen in jeder Phase.<\/p>\n<\/div><\/div>\n\n<\/div>\t\t\t\t\t<\/article>\n\t<\/div>\n\t<div class=\"scroll-indicator\"><span><\/span><\/div>\n<\/section>\n\n\n<div class=\"wp-block-group dark spacing-horizontal-m\"><div class=\"wp-block-group__inner-container is-layout-constrained wp-block-group-is-layout-constrained\">\n<h3 class=\"wp-block-heading\"><br>WIR BER\u00dcCKSICHTIGEN IHRE<\/h3>\n\n\n\n<div class=\"wp-block-columns spacing-left-m spacing-bottom-m is-layout-flex wp-container-core-columns-is-layout-9d6595d7 wp-block-columns-is-layout-flex\">\n<div class=\"wp-block-column is-layout-flow wp-block-column-is-layout-flow\">\n<p><strong>Pers\u00f6nlichen Ziele<\/strong>, damit Ihre Anlagen widerspiegeln, was Ihnen wirklich wichtig ist.<\/p>\n\n\n\n<p><strong>Finanzielle und steuerliche Situation<\/strong>, um Ihre Strategie im Rahmen Ihres Gesamtverm\u00f6gens zu optimieren.<\/p>\n\n\n\n<p><strong>Anlagehorizonte, <\/strong>um Ihr Portfolio sowohl auf kurz- als auch auf langfristige Bed\u00fcrfnisse auszurichten<strong>.<\/strong><\/p>\n\n\n\n<p><strong>Renditeziele<\/strong>, damit wir eine Strategie entwickeln k\u00f6nnen, die Ihren Performance-Erwartungen entspricht.<\/p>\n<\/div>\n\n\n\n<div class=\"wp-block-column is-layout-flow wp-block-column-is-layout-flow\">\n<p><strong>Risikobereitschaft und -f\u00e4higkeit<\/strong>, um Wachstumspotenzial mit einem sicheren Gef\u00fchl in Einklang zu bringen.<\/p>\n\n\n\n<p><strong>Pers\u00f6nlichen Pr\u00e4ferenzen hinsichtlich Anlagestilen<\/strong>, indem wir Ans\u00e4tze einbeziehen, an die Sie glauben.<\/p>\n\n\n\n<p><strong>Individuelle Anlagevorgaben<\/strong>, um rechtlichen, ethischen oder strukturellen Anforderungen gerecht zu werden.<\/p>\n<\/div>\n<\/div>\n\n\n\n<h5 class=\"wp-block-heading has-medium-font-size\">BERGOS CROSSROAD, UNSER FAMILY OFFICE, <br>VERVOLKST\u00c4NDIGT UNSER LEISTUNGSANGEBOT.<\/h5>\n\n\n\n<div class=\"wp-block-group spacing-right-s\"><div class=\"wp-block-group__inner-container is-layout-constrained wp-block-group-is-layout-constrained\">\n<div class=\"wp-block-columns is-layout-flex wp-container-core-columns-is-layout-9d6595d7 wp-block-columns-is-layout-flex\">\n<div class=\"wp-block-column is-layout-flow wp-block-column-is-layout-flow\" style=\"flex-basis:33.33%\">\n<div class=\"wp-block-buttons is-vertical is-layout-flex wp-container-core-buttons-is-layout-8cf370e7 wp-block-buttons-is-layout-flex\">\n<div class=\"wp-block-button\"><a class=\"wp-block-button__link wp-element-button\" href=\"https:\/\/www.bergos.ch\/de\/solutions\/unternehmer-und-family-office-loesungen\/\">Erfahren Sie hier mehr<\/a><\/div>\n<\/div>\n<\/div>\n\n\n\n<div class=\"wp-block-column is-layout-flow wp-block-column-is-layout-flow\" style=\"flex-basis:66.66%\"><\/div>\n<\/div>\n<\/div><\/div>\n<\/div><\/div>\n\n\n\n<div class=\"wp-block-group spacing-horizontal-m\"><div class=\"wp-block-group__inner-container is-layout-constrained wp-block-group-is-layout-constrained\">\n<div class=\"wp-block-columns are-vertically-aligned-center tablet-vertical is-layout-flex wp-container-core-columns-is-layout-9d6595d7 wp-block-columns-is-layout-flex\">\n<div class=\"wp-block-column is-vertically-aligned-center is-layout-flow wp-block-column-is-layout-flow\"><div class=\"animation-graphic-1 large\">\n    <div class=\"animation-content\">\n        <img decoding=\"async\" src=\"https:\/\/www.bergos.ch\/wp-content\/themes\/bergos-wp\/assets\/img\/animation-assets\/animation-1\/anim-1-shape-1.svg\" alt=\"Animation shape 1\" class=\"parallax\" data-speed=\"-0.05\">\n        <img decoding=\"async\" src=\"https:\/\/www.bergos.ch\/wp-content\/themes\/bergos-wp\/assets\/img\/animation-assets\/animation-1\/anim-1-shape-1.svg\" alt=\"Animation shape 1a\" class=\"parallax\" data-speed=\"-0.07\">\n        <img decoding=\"async\" src=\"https:\/\/www.bergos.ch\/wp-content\/themes\/bergos-wp\/assets\/img\/animation-assets\/animation-1\/anim-1-shape-1.svg\" alt=\"Animation shape 1b\" class=\"parallax\" data-speed=\"-0.09\">\n    <\/div>\n    <div class=\"animation-center-line\">\n        <img decoding=\"async\" src=\"https:\/\/www.bergos.ch\/wp-content\/themes\/bergos-wp\/assets\/img\/animation-assets\/animation-1\/anim-1-shape-2.svg\" alt=\"Animation shape 2\" class=\"parallax\" data-speed=\"-0.03\">\n    <\/div>\n<\/div>\n\n\n\n<h6 class=\"wp-block-heading has-text-align-center\"><br>VERSCHIEDENE BERATUNGSMODELLE:\u2028<br><strong>F\u00dcR IHRE INDIVIDUELLEN BED\u00dcRFNISSE<\/strong><\/h6>\n<\/div>\n\n\n\n<div class=\"wp-block-column is-vertically-aligned-center is-layout-flow wp-block-column-is-layout-flow\">\n<h3 class=\"wp-block-heading\"><br>WAS WIR TUN<\/h3>\n\n\n\n<h5 class=\"wp-block-heading\"><br>UNSERE BERATUNGSMANDATE<\/h5>\n\n\n\n<div class=\"wp-block-group spacing-left-m spacing-top-xs\"><div class=\"wp-block-group__inner-container is-layout-constrained wp-block-group-is-layout-constrained\">\n<p><br>Unsere Advisory Mandate richten sich an Kunden, die die Kontrolle \u00fcber ihre Anlageentscheide behalten m\u00f6chten, dabei aber von fachkundiger Beratung und einem fundierten Austausch \u00fcber Marktbewegungen und -trends profitieren wollen. Dieser partnerschaftliche Ansatz in der Verm\u00f6gensverwaltung bietet massgeschneiderte Empfehlungen, die auf fundierter Marktanalyse und Research basieren \u2013 die finale Anlageentscheidung bleibt dabei stets bei Ihnen.<\/p>\n\n\n\n<p><br>Unsere Advisory Mandate sind ideal f\u00fcr Kunden, die fachliche Orientierung und Markteinblicke sch\u00e4tzen, sich aber weiterhin aktiv mit ihren Anlagen befassen und die Kontrolle behalten m\u00f6chten.<\/p>\n<\/div><\/div>\n<\/div>\n<\/div>\n<\/div><\/div>\n\n\n\n<div class=\"wp-block-group spacing-horizontal-m\"><div class=\"wp-block-group__inner-container is-layout-constrained wp-block-group-is-layout-constrained\">\n<div class=\"wp-block-columns is-layout-flex wp-container-core-columns-is-layout-9d6595d7 wp-block-columns-is-layout-flex\">\n<div class=\"wp-block-column is-layout-flow wp-block-column-is-layout-flow\">\n<h5 class=\"wp-block-heading\"><br>UNSERE DISKRETION\u00c4REN MANDATE<\/h5>\n\n\n\n<div class=\"wp-block-group spacing-left-m spacing-top-xs\"><div class=\"wp-block-group__inner-container is-layout-constrained wp-block-group-is-layout-constrained\">\n<p><br>Unsere diskretion\u00e4ren Mandate bieten professionelle Verm\u00f6gensverwaltung \u2013 abgestimmt auf Ihre finanziellen Ziele, Ihre Risikopr\u00e4ferenzen und Ihren Anlagehorizont. Indem wir Ihre individuellen Ziele verstehen, verwalten wir Ihr Verm\u00f6gen optimal in Ihrem Sinne. Wir \u00fcberwachen die M\u00e4rkte kontinuierlich, nehmen gezielte Anpassungen vor und stellen sicher, dass Ihr Portfolio stets mit Ihren Erwartungen im Einklang steht.<\/p>\n\n\n\n<p><br>Mit einem erfahrenen Team, das strategische Anlageentscheide f\u00fcr Sie trifft, k\u00f6nnen Sie sich darauf verlassen, dass Ihr Verm\u00f6gen aktiv gemanagt und im Sinne von Wachstum und Sicherheit optimiert wird.<\/p>\n<\/div><\/div>\n<\/div>\n\n\n\n<div class=\"wp-block-column is-layout-flow wp-block-column-is-layout-flow\"><div class=\"animation-graphic-2 \">\n    <img decoding=\"async\" src=\"https:\/\/www.bergos.ch\/wp-content\/themes\/bergos-wp\/assets\/img\/animation-assets\/animation-2\/anim-2-shape-1.svg\" alt=\"Animation shape 1\" class=\"triangle-1 parallax\" data-speed=\"0.05\">\n    <img decoding=\"async\" src=\"https:\/\/www.bergos.ch\/wp-content\/themes\/bergos-wp\/assets\/img\/animation-assets\/animation-2\/anim-2-shape-2.svg\" alt=\"Animation shape 2\" class=\"triangle-2 parallax\" data-speed=\"-0.04\">\n    <img decoding=\"async\" src=\"https:\/\/www.bergos.ch\/wp-content\/themes\/bergos-wp\/assets\/img\/animation-assets\/animation-2\/anim-2-shape-3.svg\" alt=\"Animation shape 3\" class=\"triangle-3\">\n    <div class=\"rectangle-1 parallax\" data-speed=\"0.02\"><\/div>\n    <div class=\"rectangle-2 parallax\" data-speed=\"-0.04\"><\/div>\n<\/div>\n\n\n\n<h6 class=\"wp-block-heading has-text-align-center\"><br>DISCRETIONARY PORTFOLIO MANDATE:\u2028<br><strong>UNSERE EXPERTISE VEREINT F\u00dcR SIE<\/strong><\/h6>\n<\/div>\n<\/div>\n<\/div><\/div>\n\n\n\n<section id=\"section-block_46a1bcfadb721b8251f5b6e396f27afa\" class=\"wp-block-text-two-images image-tall reversed wp-custom-block\">\n    <div class=\"text-two-images-content\">\n        <div class=\"image-left\">\n            <img decoding=\"async\" src=\"https:\/\/www.bergos.ch\/wp-content\/uploads\/2025\/06\/new-content-img-2.webp\" alt=\"Stars\" class=\"parallax\" data-speed=\"0.05\">\n        <\/div>\n        <div class=\"text-two-images-text\">\n        <div class=\"acf-innerblocks-container\">\n\n<div class=\"wp-block-group spacing-vertical-l\"><div class=\"wp-block-group__inner-container is-layout-constrained wp-block-group-is-layout-constrained\">\n<div class=\"wp-block-group spacing-left-xl spacing-bottom-s\"><div class=\"wp-block-group__inner-container is-layout-constrained wp-block-group-is-layout-constrained\">\n<h3 class=\"wp-block-heading\">INVESTMENTS<\/h3>\n<\/div><\/div>\n\n\n\n<div class=\"wp-block-columns spacing-left-l is-layout-flex wp-container-core-columns-is-layout-9d6595d7 wp-block-columns-is-layout-flex\">\n<div class=\"wp-block-column is-layout-flow wp-block-column-is-layout-flow\" style=\"flex-basis:50%\">\n<div class=\"wp-block-group spacing-bottom-s\"><div class=\"wp-block-group__inner-container is-layout-constrained wp-block-group-is-layout-constrained\">\n<h6 class=\"wp-block-heading\"><br>LIQUIDE ANLAGEKLASSEN<\/h6>\n\n\n\n<p>Wir investieren in alle liquiden Anlageklassen. Liquide Anlagen wie Aktien, Obligationen, Investmentfonds oder Liquidit\u00e4t gelten als Portfolio-Bausteine mit hoher finanzieller Flexibilit\u00e4t. Mit dem Ziel starker Renditen und einfacher Handelbarkeit verfolgen wir einen \u00abBest-in-Class\u00bb-Ansatz, um eine verl\u00e4ssliche Performance in Ihrem Portfolio sicherzustellen.<\/p>\n\n\n\n<div class=\"wp-block-buttons is-vertical is-layout-flex wp-container-core-buttons-is-layout-8cf370e7 wp-block-buttons-is-layout-flex\">\n<div class=\"wp-block-button\"><a class=\"wp-block-button__link wp-element-button\" href=\"https:\/\/www.bergos.ch\/de\/expertise\/public-markets\/\">Erfahren Sie hier mehr<\/a><\/div>\n<\/div>\n\n\n\n<p><\/p>\n<\/div><\/div>\n\n\n\n<div class=\"wp-block-group spacing-bottom-s\"><div class=\"wp-block-group__inner-container is-layout-constrained wp-block-group-is-layout-constrained\">\n<h6 class=\"wp-block-heading\"><br>ILLIQUIDE ANLAGEKLASSEN<\/h6>\n\n\n\n<p>Illiquide Anlagen bieten attraktives Renditepotenzial und Stabilit\u00e4t. Sie \u00fcberzeugen durch ihre Widerstandsf\u00e4higkeit und eignen sich besonders f\u00fcr langfristige Anlagehorizonte.<\/p>\n\n\n\n<div class=\"wp-block-buttons is-vertical is-layout-flex wp-container-core-buttons-is-layout-8cf370e7 wp-block-buttons-is-layout-flex\">\n<div class=\"wp-block-button\"><a class=\"wp-block-button__link wp-element-button\" href=\"https:\/\/www.bergos.ch\/de\/expertise\/private-markets\/\">Erfahren Sie hier mehr<\/a><\/div>\n<\/div>\n\n\n\n<p><\/p>\n<\/div><\/div>\n\n\n\n<h6 class=\"wp-block-heading\">DIGITAL ASSETS<\/h6>\n\n\n\n<p>Bergos bietet nahtlosen Zugang zu reguliertem Handel und sicherer Verwahrung von Kryptow\u00e4hrungen. Unsere Kunden k\u00f6nnen direkt in die liquidesten Kryptow\u00e4hrungen investieren. Die Verm\u00f6genswerte sind vollst\u00e4ndig in die Kundenportfolios integriert und werden im E-Banking sowie in den Berichten angezeigt.<\/p>\n<\/div>\n\n\n\n<div class=\"wp-block-column is-layout-flow wp-block-column-is-layout-flow\"><\/div>\n<\/div>\n<\/div><\/div>\n\n\n<div class=\"decoration bottom-right\"><span class=\"parallax\" data-speed=\"0.1\"><\/span><\/div>\n\n<\/div>        <\/div>\n        <div class=\"image-right\">\n            <img decoding=\"async\" src=\"https:\/\/www.bergos.ch\/wp-content\/uploads\/2025\/06\/new-content-img-2.webp\" alt=\"Stars\" class=\"parallax\" data-speed=\"-0.05\">\n        <\/div>\n    <\/div>\n<\/section>","protected":false},"excerpt":{"rendered":"<p>WIR BER\u00dcCKSICHTIGEN IHRE Pers\u00f6nlichen Ziele, damit Ihre Anlagen widerspiegeln, was Ihnen wirklich wichtig ist. Finanzielle und steuerliche Situation, um Ihre Strategie im Rahmen Ihres Gesamtverm\u00f6gens zu optimieren. Anlagehorizonte, um Ihr Portfolio sowohl auf kurz- als auch auf langfristige Bed\u00fcrfnisse auszurichten. Renditeziele, damit wir eine Strategie entwickeln k\u00f6nnen, die Ihren Performance-Erwartungen entspricht. Risikobereitschaft und -f\u00e4higkeit, um [&hellip;]<\/p>\n","protected":false},"author":1,"featured_media":0,"parent":14050,"menu_order":10,"comment_status":"closed","ping_status":"closed","template":"","meta":{"_acf_changed":false,"footnotes":""},"class_list":["post-14051","page","type-page","status-publish","hentry"],"acf":[],"yoast_head":"<!-- This site is optimized with the Yoast SEO plugin v27.3 - https:\/\/yoast.com\/product\/yoast-seo-wordpress\/ -->\n<title>Strategische Beratung - Bergos<\/title>\n<meta name=\"robots\" content=\"index, follow, max-snippet:-1, max-image-preview:large, max-video-preview:-1\" \/>\n<link rel=\"canonical\" href=\"https:\/\/www.bergos.ch\/de\/solutions\/strategische-beratung\/\" \/>\n<meta property=\"og:locale\" content=\"de_DE\" \/>\n<meta property=\"og:type\" content=\"article\" \/>\n<meta property=\"og:title\" content=\"Strategische Beratung - Bergos\" \/>\n<meta property=\"og:description\" content=\"WIR BER\u00dcCKSICHTIGEN IHRE Pers\u00f6nlichen Ziele, damit Ihre Anlagen widerspiegeln, was Ihnen wirklich wichtig ist. Finanzielle und steuerliche Situation, um Ihre Strategie im Rahmen Ihres Gesamtverm\u00f6gens zu optimieren. Anlagehorizonte, um Ihr Portfolio sowohl auf kurz- als auch auf langfristige Bed\u00fcrfnisse auszurichten. Renditeziele, damit wir eine Strategie entwickeln k\u00f6nnen, die Ihren Performance-Erwartungen entspricht. Risikobereitschaft und -f\u00e4higkeit, um [&hellip;]\" \/>\n<meta property=\"og:url\" content=\"https:\/\/www.bergos.ch\/de\/solutions\/strategische-beratung\/\" \/>\n<meta property=\"og:site_name\" content=\"Bergos\" \/>\n<meta property=\"article:modified_time\" content=\"2025-08-26T13:22:47+00:00\" \/>\n<meta property=\"og:image\" content=\"https:\/\/www.bergos.ch\/wp-content\/uploads\/2022\/03\/bergos_share_01.jpg\" \/>\n\t<meta property=\"og:image:width\" content=\"1200\" \/>\n\t<meta property=\"og:image:height\" content=\"668\" \/>\n\t<meta property=\"og:image:type\" content=\"image\/jpeg\" \/>\n<meta name=\"twitter:card\" content=\"summary_large_image\" \/>\n<meta name=\"twitter:label1\" content=\"Gesch\u00e4tzte Lesezeit\" \/>\n\t<meta name=\"twitter:data1\" content=\"3\u00a0Minuten\" \/>\n<script type=\"application\/ld+json\" class=\"yoast-schema-graph\">{\"@context\":\"https:\\\/\\\/schema.org\",\"@graph\":[{\"@type\":\"WebPage\",\"@id\":\"https:\\\/\\\/www.bergos.ch\\\/de\\\/solutions\\\/strategische-beratung\\\/\",\"url\":\"https:\\\/\\\/www.bergos.ch\\\/de\\\/solutions\\\/strategische-beratung\\\/\",\"name\":\"Strategische Beratung - Bergos\",\"isPartOf\":{\"@id\":\"https:\\\/\\\/www.bergos.ch\\\/de\\\/#website\"},\"datePublished\":\"2021-12-02T09:14:44+00:00\",\"dateModified\":\"2025-08-26T13:22:47+00:00\",\"breadcrumb\":{\"@id\":\"https:\\\/\\\/www.bergos.ch\\\/de\\\/solutions\\\/strategische-beratung\\\/#breadcrumb\"},\"inLanguage\":\"de\",\"potentialAction\":[{\"@type\":\"ReadAction\",\"target\":[\"https:\\\/\\\/www.bergos.ch\\\/de\\\/solutions\\\/strategische-beratung\\\/\"]}]},{\"@type\":\"BreadcrumbList\",\"@id\":\"https:\\\/\\\/www.bergos.ch\\\/de\\\/solutions\\\/strategische-beratung\\\/#breadcrumb\",\"itemListElement\":[{\"@type\":\"ListItem\",\"position\":1,\"name\":\"Home\",\"item\":\"https:\\\/\\\/www.bergos.ch\\\/de\\\/\"},{\"@type\":\"ListItem\",\"position\":2,\"name\":\"Solutions\",\"item\":\"https:\\\/\\\/www.bergos.ch\\\/de\\\/solutions\\\/\"},{\"@type\":\"ListItem\",\"position\":3,\"name\":\"Strategische Beratung\"}]},{\"@type\":\"WebSite\",\"@id\":\"https:\\\/\\\/www.bergos.ch\\\/de\\\/#website\",\"url\":\"https:\\\/\\\/www.bergos.ch\\\/de\\\/\",\"name\":\"Bergos\",\"description\":\"An independent, internationally operating Swiss private bank.\",\"publisher\":{\"@id\":\"https:\\\/\\\/www.bergos.ch\\\/de\\\/#organization\"},\"potentialAction\":[{\"@type\":\"SearchAction\",\"target\":{\"@type\":\"EntryPoint\",\"urlTemplate\":\"https:\\\/\\\/www.bergos.ch\\\/de\\\/?s={search_term_string}\"},\"query-input\":{\"@type\":\"PropertyValueSpecification\",\"valueRequired\":true,\"valueName\":\"search_term_string\"}}],\"inLanguage\":\"de\"},{\"@type\":\"Organization\",\"@id\":\"https:\\\/\\\/www.bergos.ch\\\/de\\\/#organization\",\"name\":\"Bergos AG\",\"url\":\"https:\\\/\\\/www.bergos.ch\\\/de\\\/\",\"logo\":{\"@type\":\"ImageObject\",\"inLanguage\":\"de\",\"@id\":\"https:\\\/\\\/www.bergos.ch\\\/de\\\/#\\\/schema\\\/logo\\\/image\\\/\",\"url\":\"https:\\\/\\\/www.bergos.ch\\\/wp-content\\\/uploads\\\/2025\\\/08\\\/Share.jpg\",\"contentUrl\":\"https:\\\/\\\/www.bergos.ch\\\/wp-content\\\/uploads\\\/2025\\\/08\\\/Share.jpg\",\"width\":1200,\"height\":628,\"caption\":\"Bergos AG\"},\"image\":{\"@id\":\"https:\\\/\\\/www.bergos.ch\\\/de\\\/#\\\/schema\\\/logo\\\/image\\\/\"},\"sameAs\":[\"https:\\\/\\\/www.linkedin.com\\\/company\\\/bergos-berenberg\",\"https:\\\/\\\/www.instagram.com\\\/bergosbank\\\/\"]}]}<\/script>\n<!-- \/ Yoast SEO plugin. -->","yoast_head_json":{"title":"Strategische Beratung - Bergos","robots":{"index":"index","follow":"follow","max-snippet":"max-snippet:-1","max-image-preview":"max-image-preview:large","max-video-preview":"max-video-preview:-1"},"canonical":"https:\/\/www.bergos.ch\/de\/solutions\/strategische-beratung\/","og_locale":"de_DE","og_type":"article","og_title":"Strategische Beratung - Bergos","og_description":"WIR BER\u00dcCKSICHTIGEN IHRE Pers\u00f6nlichen Ziele, damit Ihre Anlagen widerspiegeln, was Ihnen wirklich wichtig ist. Finanzielle und steuerliche Situation, um Ihre Strategie im Rahmen Ihres Gesamtverm\u00f6gens zu optimieren. Anlagehorizonte, um Ihr Portfolio sowohl auf kurz- als auch auf langfristige Bed\u00fcrfnisse auszurichten. Renditeziele, damit wir eine Strategie entwickeln k\u00f6nnen, die Ihren Performance-Erwartungen entspricht. Risikobereitschaft und -f\u00e4higkeit, um [&hellip;]","og_url":"https:\/\/www.bergos.ch\/de\/solutions\/strategische-beratung\/","og_site_name":"Bergos","article_modified_time":"2025-08-26T13:22:47+00:00","og_image":[{"width":1200,"height":668,"url":"https:\/\/www.bergos.ch\/wp-content\/uploads\/2022\/03\/bergos_share_01.jpg","type":"image\/jpeg"}],"twitter_card":"summary_large_image","twitter_misc":{"Gesch\u00e4tzte Lesezeit":"3\u00a0Minuten"},"schema":{"@context":"https:\/\/schema.org","@graph":[{"@type":"WebPage","@id":"https:\/\/www.bergos.ch\/de\/solutions\/strategische-beratung\/","url":"https:\/\/www.bergos.ch\/de\/solutions\/strategische-beratung\/","name":"Strategische Beratung - Bergos","isPartOf":{"@id":"https:\/\/www.bergos.ch\/de\/#website"},"datePublished":"2021-12-02T09:14:44+00:00","dateModified":"2025-08-26T13:22:47+00:00","breadcrumb":{"@id":"https:\/\/www.bergos.ch\/de\/solutions\/strategische-beratung\/#breadcrumb"},"inLanguage":"de","potentialAction":[{"@type":"ReadAction","target":["https:\/\/www.bergos.ch\/de\/solutions\/strategische-beratung\/"]}]},{"@type":"BreadcrumbList","@id":"https:\/\/www.bergos.ch\/de\/solutions\/strategische-beratung\/#breadcrumb","itemListElement":[{"@type":"ListItem","position":1,"name":"Home","item":"https:\/\/www.bergos.ch\/de\/"},{"@type":"ListItem","position":2,"name":"Solutions","item":"https:\/\/www.bergos.ch\/de\/solutions\/"},{"@type":"ListItem","position":3,"name":"Strategische Beratung"}]},{"@type":"WebSite","@id":"https:\/\/www.bergos.ch\/de\/#website","url":"https:\/\/www.bergos.ch\/de\/","name":"Bergos","description":"An independent, internationally operating Swiss private bank.","publisher":{"@id":"https:\/\/www.bergos.ch\/de\/#organization"},"potentialAction":[{"@type":"SearchAction","target":{"@type":"EntryPoint","urlTemplate":"https:\/\/www.bergos.ch\/de\/?s={search_term_string}"},"query-input":{"@type":"PropertyValueSpecification","valueRequired":true,"valueName":"search_term_string"}}],"inLanguage":"de"},{"@type":"Organization","@id":"https:\/\/www.bergos.ch\/de\/#organization","name":"Bergos AG","url":"https:\/\/www.bergos.ch\/de\/","logo":{"@type":"ImageObject","inLanguage":"de","@id":"https:\/\/www.bergos.ch\/de\/#\/schema\/logo\/image\/","url":"https:\/\/www.bergos.ch\/wp-content\/uploads\/2025\/08\/Share.jpg","contentUrl":"https:\/\/www.bergos.ch\/wp-content\/uploads\/2025\/08\/Share.jpg","width":1200,"height":628,"caption":"Bergos AG"},"image":{"@id":"https:\/\/www.bergos.ch\/de\/#\/schema\/logo\/image\/"},"sameAs":["https:\/\/www.linkedin.com\/company\/bergos-berenberg","https:\/\/www.instagram.com\/bergosbank\/"]}]}},"_links":{"self":[{"href":"https:\/\/www.bergos.ch\/de\/wp-json\/wp\/v2\/pages\/14051","targetHints":{"allow":["GET"]}}],"collection":[{"href":"https:\/\/www.bergos.ch\/de\/wp-json\/wp\/v2\/pages"}],"about":[{"href":"https:\/\/www.bergos.ch\/de\/wp-json\/wp\/v2\/types\/page"}],"author":[{"embeddable":true,"href":"https:\/\/www.bergos.ch\/de\/wp-json\/wp\/v2\/users\/1"}],"replies":[{"embeddable":true,"href":"https:\/\/www.bergos.ch\/de\/wp-json\/wp\/v2\/comments?post=14051"}],"version-history":[{"count":2,"href":"https:\/\/www.bergos.ch\/de\/wp-json\/wp\/v2\/pages\/14051\/revisions"}],"predecessor-version":[{"id":15919,"href":"https:\/\/www.bergos.ch\/de\/wp-json\/wp\/v2\/pages\/14051\/revisions\/15919"}],"up":[{"embeddable":true,"href":"https:\/\/www.bergos.ch\/de\/wp-json\/wp\/v2\/pages\/14050"}],"wp:attachment":[{"href":"https:\/\/www.bergos.ch\/de\/wp-json\/wp\/v2\/media?parent=14051"}],"curies":[{"name":"wp","href":"https:\/\/api.w.org\/{rel}","templated":true}]}}