{"id":14074,"date":"2025-06-26T11:41:52","date_gmt":"2025-06-26T11:41:52","guid":{"rendered":"https:\/\/www.bergos.ch\/beyond-money\/our-approach\/"},"modified":"2025-11-03T16:15:57","modified_gmt":"2025-11-03T16:15:57","slug":"unser-ansatz","status":"publish","type":"page","link":"https:\/\/www.bergos.ch\/de\/beyond-money\/unser-ansatz\/","title":{"rendered":"Unser Ansatz"},"content":{"rendered":"\n<section id=\"section-block_3a4874d389a85ce34eb2728fdc75e7f6\" class=\"hero \">\n\t\t<div class=\"holder\">\n\t\t<div class=\"decoration\"><span class=\"parallax\" data-speed=\"0.2\"><\/span><\/div>\n\t\t<article>\n\t\t\t<div class=\"acf-innerblocks-container\">\n\n<h1 class=\"wp-block-heading\"><strong><em>DIENSTLEISTUNGEN<\/em><\/strong> <strong> \u00dcBER<\/strong> <strong><em>GELD HINAUS<\/em><\/strong><\/h1>\n\n\n\n<div class=\"wp-block-group\"><div class=\"wp-block-group__inner-container is-layout-constrained wp-block-group-is-layout-constrained\">\n<p>Wir bieten Dienstleistungen an, die \u00fcber Geld hinausgehen, wie etwa Philanthropie und unser Art Consult.<\/p>\n<\/div><\/div>\n\n<\/div>\t\t\t\t\t<\/article>\n\t<\/div>\n\t<div class=\"scroll-indicator\"><span><\/span><\/div>\n<\/section>\n\n\n<div class=\"wp-block-group dark spacing-vertical-l\"><div class=\"wp-block-group__inner-container is-layout-constrained wp-block-group-is-layout-constrained\">\n<div class=\"wp-block-columns spacing-left-l spacing-right-s is-layout-flex wp-container-core-columns-is-layout-9d6595d7 wp-block-columns-is-layout-flex\">\n<div class=\"wp-block-column is-layout-flow wp-block-column-is-layout-flow\">\n<p>\u201eBeyond Money\u201c ist kein Slogan \u2013 es ist eine Haltung. Der Schutz von Verm\u00f6gen geht oft \u00fcber Zahlen und Performanceberichte hinaus. Nur wenn wir \u00fcber das Finanzielle hinausblicken \u2013 auf die Vielschichtigkeit im Leben unserer Kunden \u2013 und sensibel sind f\u00fcr Risiken und Herausforderungen, die weit \u00fcber die Auswahl des besten Fonds hinausgehen, k\u00f6nnen wir zu einem wirklich vertrauensw\u00fcrdigen Partner werden.<\/p>\n<\/div>\n\n\n\n<div class=\"wp-block-column is-layout-flow wp-block-column-is-layout-flow\">\n<p>Wir m\u00f6chten eine Quelle von Stabilit\u00e4t und Wachstum sein \u2013 und unsere Kunden dabei unterst\u00fctzen, ein Verm\u00e4chtnis zu schaffen, das Bestand hat. Dabei wissen wir, was unseren Kunden wirklich wichtig ist, geht oft \u00fcber das rein Finanzielle hinaus. Unser \u00abBeyond Money\u00bb-Ansatz wird erg\u00e4nzt durch unser Angebot in den Bereichen Art Consult, Philanthropie und unser Engagement im Bereich ESG \u2013 Themen, die f\u00fcr viele von tiefem pers\u00f6nlichem Wert sind.<\/p>\n<\/div>\n<\/div>\n\n\n<div class=\"decoration right\"><span class=\"parallax\" data-speed=\"-0.05\"><\/span><\/div>\n<\/div><\/div>\n\n\n\n<div class=\"wp-block-group spacing-top-l\"><div class=\"wp-block-group__inner-container is-layout-constrained wp-block-group-is-layout-constrained\">\n<div class=\"wp-block-media-text has-media-on-the-right is-stacked-on-mobile is-vertically-aligned-top spacing-left-xl\"><div class=\"wp-block-media-text__content\">\n<h2 class=\"wp-block-heading has-small-font-size\">PHILANTHROPie<\/h2>\n\n\n\n<div class=\"wp-block-group spacing-left-m\"><div class=\"wp-block-group__inner-container is-layout-constrained wp-block-group-is-layout-constrained\">\n<p>Im Gegensatz zur traditionellen Finanzwelt, in der es oft um die Maximierung von Rendite geht, steht bei der Philanthropie das Geben im Mittelpunkt \u2013 und das Empfangen von etwas, das weit wertvoller ist als Geld.<\/p>\n\n\n\n<p>Philanthropie spielt eine entscheidende Rolle in unserer Gesellschaft, indem sie positiven sozialen Wandel erm\u00f6glicht, relevante Herausforderungen angeht und Finanzierungsl\u00fccken schliesst.<\/p>\n\n\n\n<div class=\"wp-block-buttons is-layout-flex wp-block-buttons-is-layout-flex\">\n<div class=\"wp-block-button\"><a class=\"wp-block-button__link wp-element-button\" href=\"https:\/\/www.bergos.ch\/de\/beyond-money\/philantropie\/\">Erfahren Sie mehr<\/a><\/div>\n<\/div>\n<\/div><\/div>\n<\/div><figure class=\"wp-block-media-text__media\"><img loading=\"lazy\" decoding=\"async\" width=\"675\" height=\"1024\" src=\"https:\/\/www.bergos.ch\/wp-content\/uploads\/2024\/06\/image-345-675x1024.jpg\" alt=\"\" class=\"wp-image-10471 size-full\" srcset=\"https:\/\/www.bergos.ch\/wp-content\/uploads\/2024\/06\/image-345-675x1024.jpg 675w, https:\/\/www.bergos.ch\/wp-content\/uploads\/2024\/06\/image-345-198x300.jpg 198w, https:\/\/www.bergos.ch\/wp-content\/uploads\/2024\/06\/image-345-768x1166.jpg 768w, https:\/\/www.bergos.ch\/wp-content\/uploads\/2024\/06\/image-345.jpg 960w\" sizes=\"auto, (max-width: 675px) 100vw, 675px\" \/><\/figure><\/div>\n<\/div><\/div>\n\n\n\n<div class=\"wp-block-group spacing-horizontal-m spacing-vertical-l\"><div class=\"wp-block-group__inner-container is-layout-constrained wp-block-group-is-layout-constrained\">\n<div class=\"wp-block-media-text is-stacked-on-mobile is-vertically-aligned-top\"><figure class=\"wp-block-media-text__media\"><img loading=\"lazy\" decoding=\"async\" width=\"1024\" height=\"754\" src=\"https:\/\/www.bergos.ch\/wp-content\/uploads\/2022\/05\/BAC6-scaled-1-1024x754.jpeg\" alt=\"\" class=\"wp-image-4553 size-full\" srcset=\"https:\/\/www.bergos.ch\/wp-content\/uploads\/2022\/05\/BAC6-scaled-1-1024x754.jpeg 1024w, https:\/\/www.bergos.ch\/wp-content\/uploads\/2022\/05\/BAC6-scaled-1-300x221.jpeg 300w, https:\/\/www.bergos.ch\/wp-content\/uploads\/2022\/05\/BAC6-scaled-1-768x566.jpeg 768w, https:\/\/www.bergos.ch\/wp-content\/uploads\/2022\/05\/BAC6-scaled-1-1536x1132.jpeg 1536w, https:\/\/www.bergos.ch\/wp-content\/uploads\/2022\/05\/BAC6-scaled-1-2048x1509.jpeg 2048w\" sizes=\"auto, (max-width: 1024px) 100vw, 1024px\" \/><\/figure><div class=\"wp-block-media-text__content\">\n<div class=\"wp-block-group spacing-horizontal-s\"><div class=\"wp-block-group__inner-container is-layout-constrained wp-block-group-is-layout-constrained\">\n<h2 class=\"wp-block-heading has-small-font-size\">ART CONSULT<\/h2>\n\n\n\n<div class=\"wp-block-group spacing-left-m\"><div class=\"wp-block-group__inner-container is-layout-constrained wp-block-group-is-layout-constrained\">\n<p>Wir sehen Kunst nicht nur als eine finanzielle M\u00f6glichkeit \u2013 f\u00fcr uns ist Kunst ein emotionales Asset. Wir bieten einen kuratierten und umfassenden Service f\u00fcr Sammler und K\u00e4ufer auf internationaler Ebene.<\/p>\n\n\n\n<div class=\"wp-block-buttons is-layout-flex wp-block-buttons-is-layout-flex\">\n<div class=\"wp-block-button\"><a class=\"wp-block-button__link wp-element-button\" href=\"https:\/\/www.bergos.ch\/de\/beyond-money\/art-consult\/\">Erfahren Sie mehr<\/a><\/div>\n<\/div>\n<\/div><\/div>\n<\/div><\/div>\n<\/div><\/div>\n<\/div><\/div>\n\n\n\n<div class=\"wp-block-group dark spacing-horizontal-m spacing-vertical-l\"><div class=\"wp-block-group__inner-container is-layout-constrained wp-block-group-is-layout-constrained\">\n<div class=\"wp-block-columns are-vertically-aligned-center spacing-bottom-s is-layout-flex wp-container-core-columns-is-layout-9d6595d7 wp-block-columns-is-layout-flex\">\n<div class=\"wp-block-column is-vertically-aligned-center is-layout-flow wp-block-column-is-layout-flow\">\n<h3 class=\"wp-block-heading\">BERGOS <strong>ESG-ENGAGEMENT<\/strong><\/h3>\n<\/div>\n\n\n\n<div class=\"wp-block-column is-vertically-aligned-center is-layout-flow wp-block-column-is-layout-flow\">\n<figure class=\"wp-block-image size-full landscape\"><img loading=\"lazy\" decoding=\"async\" width=\"1933\" height=\"1086\" src=\"https:\/\/www.bergos.ch\/wp-content\/uploads\/2022\/02\/ESG-1.jpg\" alt=\"\" class=\"wp-image-3881\" srcset=\"https:\/\/www.bergos.ch\/wp-content\/uploads\/2022\/02\/ESG-1.jpg 1933w, https:\/\/www.bergos.ch\/wp-content\/uploads\/2022\/02\/ESG-1-300x169.jpg 300w, https:\/\/www.bergos.ch\/wp-content\/uploads\/2022\/02\/ESG-1-1024x575.jpg 1024w, https:\/\/www.bergos.ch\/wp-content\/uploads\/2022\/02\/ESG-1-768x431.jpg 768w, https:\/\/www.bergos.ch\/wp-content\/uploads\/2022\/02\/ESG-1-1536x863.jpg 1536w\" sizes=\"auto, (max-width: 1933px) 100vw, 1933px\" \/><\/figure>\n<\/div>\n<\/div>\n\n\n\n<div class=\"wp-block-columns are-vertically-aligned-top is-layout-flex wp-container-core-columns-is-layout-9d6595d7 wp-block-columns-is-layout-flex\">\n<div class=\"wp-block-column is-vertically-aligned-top is-layout-flow wp-block-column-is-layout-flow\">\n<div class=\"wp-block-group spacing-left-m spacing-right-s\"><div class=\"wp-block-group__inner-container is-layout-constrained wp-block-group-is-layout-constrained\">\n<p>Wir bei Bergos verpflichten uns, unsere Entscheidungen und Handlungen auf das Pariser Abkommen f\u00fcr einen Weg zum Netto-Nullverbrauch bis 2050 und auf die UN-SDGs auszurichten.<\/p>\n<\/div><\/div>\n<\/div>\n\n\n\n<div class=\"wp-block-column is-vertically-aligned-top is-layout-flow wp-block-column-is-layout-flow\">\n<div class=\"wp-block-group spacing-right-m\"><div class=\"wp-block-group__inner-container is-layout-constrained wp-block-group-is-layout-constrained\">\n<p>Wir wollen uns st\u00e4ndig selbst herausfordern, um einen positiven Wandel f\u00fcr die Umwelt, die Gesellschaft, unsere Mitarbeiter und damit auch f\u00fcr unsere Kunden zu bewirken. Wir wollen eine bessere Zukunft f\u00fcr die kommenden Generationen schaffen.<br><\/p>\n\n\n\n<div class=\"wp-block-buttons is-layout-flex wp-block-buttons-is-layout-flex\">\n<div class=\"wp-block-button\"><a class=\"wp-block-button__link wp-element-button\" href=\"https:\/\/www.bergos.ch\/de\/esg-commitment\/\">Erfahren Sie mehr<\/a><\/div>\n<\/div>\n<\/div><\/div>\n<\/div>\n<\/div>\n\n\n<div class=\"decoration right\"><span class=\"parallax\" data-speed=\"0.1\"><\/span><\/div>\n<\/div><\/div>\n","protected":false},"excerpt":{"rendered":"<p>\u201eBeyond Money\u201c ist kein Slogan \u2013 es ist eine Haltung. Der Schutz von Verm\u00f6gen geht oft \u00fcber Zahlen und Performanceberichte hinaus. Nur wenn wir \u00fcber das Finanzielle hinausblicken \u2013 auf die Vielschichtigkeit im Leben unserer Kunden \u2013 und sensibel sind f\u00fcr Risiken und Herausforderungen, die weit \u00fcber die Auswahl des besten Fonds hinausgehen, k\u00f6nnen wir [&hellip;]<\/p>\n","protected":false},"author":1,"featured_media":0,"parent":14073,"menu_order":10,"comment_status":"closed","ping_status":"closed","template":"","meta":{"_acf_changed":false,"footnotes":""},"class_list":["post-14074","page","type-page","status-publish","hentry"],"acf":[],"yoast_head":"<!-- This site is optimized with the Yoast SEO plugin v27.3 - https:\/\/yoast.com\/product\/yoast-seo-wordpress\/ -->\n<title>Unser Ansatz - Bergos<\/title>\n<meta name=\"description\" content=\"We are uniquely positioned in the European market and offer services that go beyond money such as Art Consult and Multi Family Office solutions.\" \/>\n<meta name=\"robots\" content=\"index, follow, max-snippet:-1, max-image-preview:large, max-video-preview:-1\" \/>\n<link rel=\"canonical\" href=\"https:\/\/www.bergos.ch\/de\/beyond-money\/unser-ansatz\/\" \/>\n<meta property=\"og:locale\" content=\"de_DE\" \/>\n<meta property=\"og:type\" content=\"article\" \/>\n<meta property=\"og:title\" content=\"Services Beyond Money\" \/>\n<meta property=\"og:description\" content=\"We are uniquely positioned in the European market and offer services that go beyond money such as Art Consult and Multi Family Office solutions.\" \/>\n<meta property=\"og:url\" content=\"https:\/\/www.bergos.ch\/de\/beyond-money\/unser-ansatz\/\" \/>\n<meta property=\"og:site_name\" content=\"Bergos\" \/>\n<meta property=\"article:modified_time\" content=\"2025-11-03T16:15:57+00:00\" \/>\n<meta property=\"og:image\" content=\"https:\/\/www.bergos.ch\/wp-content\/uploads\/2021\/11\/000-1.png\" \/>\n\t<meta property=\"og:image:width\" content=\"961\" \/>\n\t<meta property=\"og:image:height\" content=\"677\" \/>\n\t<meta property=\"og:image:type\" content=\"image\/png\" \/>\n<meta name=\"twitter:card\" content=\"summary_large_image\" \/>\n<meta name=\"twitter:title\" content=\"Services Beyond Money\" \/>\n<meta name=\"twitter:description\" content=\"We are uniquely positioned in the European market and offer services that go beyond money such as Art Consult and Multi Family Office solutions.\" \/>\n<meta name=\"twitter:image\" content=\"https:\/\/www.bergos.ch\/wp-content\/uploads\/2021\/11\/000-1.png\" \/>\n<meta name=\"twitter:label1\" content=\"Gesch\u00e4tzte Lesezeit\" \/>\n\t<meta name=\"twitter:data1\" content=\"2\u00a0Minuten\" \/>\n<script type=\"application\/ld+json\" class=\"yoast-schema-graph\">{\"@context\":\"https:\\\/\\\/schema.org\",\"@graph\":[{\"@type\":\"WebPage\",\"@id\":\"https:\\\/\\\/www.bergos.ch\\\/de\\\/beyond-money\\\/unser-ansatz\\\/\",\"url\":\"https:\\\/\\\/www.bergos.ch\\\/de\\\/beyond-money\\\/unser-ansatz\\\/\",\"name\":\"Unser Ansatz - Bergos\",\"isPartOf\":{\"@id\":\"https:\\\/\\\/www.bergos.ch\\\/de\\\/#website\"},\"primaryImageOfPage\":{\"@id\":\"https:\\\/\\\/www.bergos.ch\\\/de\\\/beyond-money\\\/unser-ansatz\\\/#primaryimage\"},\"image\":{\"@id\":\"https:\\\/\\\/www.bergos.ch\\\/de\\\/beyond-money\\\/unser-ansatz\\\/#primaryimage\"},\"thumbnailUrl\":\"https:\\\/\\\/www.bergos.ch\\\/wp-content\\\/uploads\\\/2024\\\/06\\\/image-345-675x1024.jpg\",\"datePublished\":\"2025-06-26T11:41:52+00:00\",\"dateModified\":\"2025-11-03T16:15:57+00:00\",\"description\":\"We are uniquely positioned in the European market and offer services that go beyond money such as Art Consult and Multi Family Office solutions.\",\"breadcrumb\":{\"@id\":\"https:\\\/\\\/www.bergos.ch\\\/de\\\/beyond-money\\\/unser-ansatz\\\/#breadcrumb\"},\"inLanguage\":\"de\",\"potentialAction\":[{\"@type\":\"ReadAction\",\"target\":[\"https:\\\/\\\/www.bergos.ch\\\/de\\\/beyond-money\\\/unser-ansatz\\\/\"]}]},{\"@type\":\"ImageObject\",\"inLanguage\":\"de\",\"@id\":\"https:\\\/\\\/www.bergos.ch\\\/de\\\/beyond-money\\\/unser-ansatz\\\/#primaryimage\",\"url\":\"https:\\\/\\\/www.bergos.ch\\\/wp-content\\\/uploads\\\/2024\\\/06\\\/image-345-675x1024.jpg\",\"contentUrl\":\"https:\\\/\\\/www.bergos.ch\\\/wp-content\\\/uploads\\\/2024\\\/06\\\/image-345-675x1024.jpg\"},{\"@type\":\"BreadcrumbList\",\"@id\":\"https:\\\/\\\/www.bergos.ch\\\/de\\\/beyond-money\\\/unser-ansatz\\\/#breadcrumb\",\"itemListElement\":[{\"@type\":\"ListItem\",\"position\":1,\"name\":\"Home\",\"item\":\"https:\\\/\\\/www.bergos.ch\\\/de\\\/\"},{\"@type\":\"ListItem\",\"position\":2,\"name\":\"Beyond Money\",\"item\":\"https:\\\/\\\/www.bergos.ch\\\/de\\\/beyond-money\\\/\"},{\"@type\":\"ListItem\",\"position\":3,\"name\":\"Unser Ansatz\"}]},{\"@type\":\"WebSite\",\"@id\":\"https:\\\/\\\/www.bergos.ch\\\/de\\\/#website\",\"url\":\"https:\\\/\\\/www.bergos.ch\\\/de\\\/\",\"name\":\"Bergos\",\"description\":\"An independent, internationally operating Swiss private bank.\",\"publisher\":{\"@id\":\"https:\\\/\\\/www.bergos.ch\\\/de\\\/#organization\"},\"potentialAction\":[{\"@type\":\"SearchAction\",\"target\":{\"@type\":\"EntryPoint\",\"urlTemplate\":\"https:\\\/\\\/www.bergos.ch\\\/de\\\/?s={search_term_string}\"},\"query-input\":{\"@type\":\"PropertyValueSpecification\",\"valueRequired\":true,\"valueName\":\"search_term_string\"}}],\"inLanguage\":\"de\"},{\"@type\":\"Organization\",\"@id\":\"https:\\\/\\\/www.bergos.ch\\\/de\\\/#organization\",\"name\":\"Bergos AG\",\"url\":\"https:\\\/\\\/www.bergos.ch\\\/de\\\/\",\"logo\":{\"@type\":\"ImageObject\",\"inLanguage\":\"de\",\"@id\":\"https:\\\/\\\/www.bergos.ch\\\/de\\\/#\\\/schema\\\/logo\\\/image\\\/\",\"url\":\"https:\\\/\\\/www.bergos.ch\\\/wp-content\\\/uploads\\\/2025\\\/08\\\/Share.jpg\",\"contentUrl\":\"https:\\\/\\\/www.bergos.ch\\\/wp-content\\\/uploads\\\/2025\\\/08\\\/Share.jpg\",\"width\":1200,\"height\":628,\"caption\":\"Bergos AG\"},\"image\":{\"@id\":\"https:\\\/\\\/www.bergos.ch\\\/de\\\/#\\\/schema\\\/logo\\\/image\\\/\"},\"sameAs\":[\"https:\\\/\\\/www.linkedin.com\\\/company\\\/bergos-berenberg\",\"https:\\\/\\\/www.instagram.com\\\/bergosbank\\\/\"]}]}<\/script>\n<!-- \/ Yoast SEO plugin. -->","yoast_head_json":{"title":"Unser Ansatz - Bergos","description":"We are uniquely positioned in the European market and offer services that go beyond money such as Art Consult and Multi Family Office solutions.","robots":{"index":"index","follow":"follow","max-snippet":"max-snippet:-1","max-image-preview":"max-image-preview:large","max-video-preview":"max-video-preview:-1"},"canonical":"https:\/\/www.bergos.ch\/de\/beyond-money\/unser-ansatz\/","og_locale":"de_DE","og_type":"article","og_title":"Services Beyond Money","og_description":"We are uniquely positioned in the European market and offer services that go beyond money such as Art Consult and Multi Family Office solutions.","og_url":"https:\/\/www.bergos.ch\/de\/beyond-money\/unser-ansatz\/","og_site_name":"Bergos","article_modified_time":"2025-11-03T16:15:57+00:00","og_image":[{"width":961,"height":677,"url":"https:\/\/www.bergos.ch\/wp-content\/uploads\/2021\/11\/000-1.png","type":"image\/png"}],"twitter_card":"summary_large_image","twitter_title":"Services Beyond Money","twitter_description":"We are uniquely positioned in the European market and offer services that go beyond money such as Art Consult and Multi Family Office solutions.","twitter_image":"https:\/\/www.bergos.ch\/wp-content\/uploads\/2021\/11\/000-1.png","twitter_misc":{"Gesch\u00e4tzte Lesezeit":"2\u00a0Minuten"},"schema":{"@context":"https:\/\/schema.org","@graph":[{"@type":"WebPage","@id":"https:\/\/www.bergos.ch\/de\/beyond-money\/unser-ansatz\/","url":"https:\/\/www.bergos.ch\/de\/beyond-money\/unser-ansatz\/","name":"Unser Ansatz - Bergos","isPartOf":{"@id":"https:\/\/www.bergos.ch\/de\/#website"},"primaryImageOfPage":{"@id":"https:\/\/www.bergos.ch\/de\/beyond-money\/unser-ansatz\/#primaryimage"},"image":{"@id":"https:\/\/www.bergos.ch\/de\/beyond-money\/unser-ansatz\/#primaryimage"},"thumbnailUrl":"https:\/\/www.bergos.ch\/wp-content\/uploads\/2024\/06\/image-345-675x1024.jpg","datePublished":"2025-06-26T11:41:52+00:00","dateModified":"2025-11-03T16:15:57+00:00","description":"We are uniquely positioned in the European market and offer services that go beyond money such as Art Consult and Multi Family Office solutions.","breadcrumb":{"@id":"https:\/\/www.bergos.ch\/de\/beyond-money\/unser-ansatz\/#breadcrumb"},"inLanguage":"de","potentialAction":[{"@type":"ReadAction","target":["https:\/\/www.bergos.ch\/de\/beyond-money\/unser-ansatz\/"]}]},{"@type":"ImageObject","inLanguage":"de","@id":"https:\/\/www.bergos.ch\/de\/beyond-money\/unser-ansatz\/#primaryimage","url":"https:\/\/www.bergos.ch\/wp-content\/uploads\/2024\/06\/image-345-675x1024.jpg","contentUrl":"https:\/\/www.bergos.ch\/wp-content\/uploads\/2024\/06\/image-345-675x1024.jpg"},{"@type":"BreadcrumbList","@id":"https:\/\/www.bergos.ch\/de\/beyond-money\/unser-ansatz\/#breadcrumb","itemListElement":[{"@type":"ListItem","position":1,"name":"Home","item":"https:\/\/www.bergos.ch\/de\/"},{"@type":"ListItem","position":2,"name":"Beyond Money","item":"https:\/\/www.bergos.ch\/de\/beyond-money\/"},{"@type":"ListItem","position":3,"name":"Unser Ansatz"}]},{"@type":"WebSite","@id":"https:\/\/www.bergos.ch\/de\/#website","url":"https:\/\/www.bergos.ch\/de\/","name":"Bergos","description":"An independent, internationally operating Swiss private bank.","publisher":{"@id":"https:\/\/www.bergos.ch\/de\/#organization"},"potentialAction":[{"@type":"SearchAction","target":{"@type":"EntryPoint","urlTemplate":"https:\/\/www.bergos.ch\/de\/?s={search_term_string}"},"query-input":{"@type":"PropertyValueSpecification","valueRequired":true,"valueName":"search_term_string"}}],"inLanguage":"de"},{"@type":"Organization","@id":"https:\/\/www.bergos.ch\/de\/#organization","name":"Bergos AG","url":"https:\/\/www.bergos.ch\/de\/","logo":{"@type":"ImageObject","inLanguage":"de","@id":"https:\/\/www.bergos.ch\/de\/#\/schema\/logo\/image\/","url":"https:\/\/www.bergos.ch\/wp-content\/uploads\/2025\/08\/Share.jpg","contentUrl":"https:\/\/www.bergos.ch\/wp-content\/uploads\/2025\/08\/Share.jpg","width":1200,"height":628,"caption":"Bergos AG"},"image":{"@id":"https:\/\/www.bergos.ch\/de\/#\/schema\/logo\/image\/"},"sameAs":["https:\/\/www.linkedin.com\/company\/bergos-berenberg","https:\/\/www.instagram.com\/bergosbank\/"]}]}},"_links":{"self":[{"href":"https:\/\/www.bergos.ch\/de\/wp-json\/wp\/v2\/pages\/14074","targetHints":{"allow":["GET"]}}],"collection":[{"href":"https:\/\/www.bergos.ch\/de\/wp-json\/wp\/v2\/pages"}],"about":[{"href":"https:\/\/www.bergos.ch\/de\/wp-json\/wp\/v2\/types\/page"}],"author":[{"embeddable":true,"href":"https:\/\/www.bergos.ch\/de\/wp-json\/wp\/v2\/users\/1"}],"replies":[{"embeddable":true,"href":"https:\/\/www.bergos.ch\/de\/wp-json\/wp\/v2\/comments?post=14074"}],"version-history":[{"count":4,"href":"https:\/\/www.bergos.ch\/de\/wp-json\/wp\/v2\/pages\/14074\/revisions"}],"predecessor-version":[{"id":16534,"href":"https:\/\/www.bergos.ch\/de\/wp-json\/wp\/v2\/pages\/14074\/revisions\/16534"}],"up":[{"embeddable":true,"href":"https:\/\/www.bergos.ch\/de\/wp-json\/wp\/v2\/pages\/14073"}],"wp:attachment":[{"href":"https:\/\/www.bergos.ch\/de\/wp-json\/wp\/v2\/media?parent=14074"}],"curies":[{"name":"wp","href":"https:\/\/api.w.org\/{rel}","templated":true}]}}