{"id":2096,"date":"2021-11-30T10:38:38","date_gmt":"2021-11-30T10:38:38","guid":{"rendered":"https:\/\/www.bergos.ch\/terms-of-use\/"},"modified":"2025-08-26T12:50:24","modified_gmt":"2025-08-26T12:50:24","slug":"nutzungsbedingungen","status":"publish","type":"page","link":"https:\/\/www.bergos.ch\/de\/nutzungsbedingungen\/","title":{"rendered":"Nutzungsbedingungen"},"content":{"rendered":"\n<section id=\"section-block_1c64a757c2e99299f4bafbae4efbfa23\" class=\"content-block-outer text-de space-down\">\n\t<div class=\"decoration\"><span class=\"parallax\" data-speed=\"0.2\"><\/span><\/div>\n\t<div class=\"holder static-entry\">\n\t\t<div class=\"acf-innerblocks-container\">\n\n<div class=\"wp-block-group spacing-top-0 spacing-bottom-m\"><div class=\"wp-block-group__inner-container is-layout-constrained wp-block-group-is-layout-constrained\">\n<h1 class=\"wp-block-heading has-medium-font-size\">NUTZUNGSBEDINGUNGEN<\/h1>\n<\/div><\/div>\n\n\n\n<h4 class=\"wp-block-heading\">1. Allgemeines<\/h4>\n\n\n\n<p>Bergos AG ist bem\u00fcht, die Informationen auf ihren Webseiten regelm\u00e4\u00dfig zu aktualisieren. Trotz aller Sorgfalt k\u00f6nnen sich die Daten jedoch in der Zwischenzeit ge\u00e4ndert haben. Eine Haftung oder Garantie f\u00fcr die Aktualit\u00e4t, Richtigkeit und Vollst\u00e4ndigkeit der zur Verf\u00fcgung gestellten Informationen kann daher nicht \u00fcbernommen werden. Gleiches gilt auch f\u00fcr alle anderen Webseiten, auf die mittels Hyperlink verwiesen wird. Bergos AG ist f\u00fcr den Inhalt dieser Seiten nicht verantwortlich. Bergos AG besitzt an allen Webseiten, inkl. deren Layout und Inhalten das Urheberrecht, sowie sonstige Schutzrechte, sofern nicht gesondert auf andere Anbieter, Hersteller oder Markenrechtsinhaber hingewiesen wird. Das Abrufen, Kopieren, Abspeichern und Be- und Umarbeiten der Webseiten, deren Inhalte oder der mit den Darstellungswerkzeugen generierten oder angezeigten Ergebnisse im Ganzen oder in Teilen darf nicht zu kommerziellem Gebrauch vorgenommen werden. Urheberrechtshinweise und Markenrechtsbezeichnungen d\u00fcrfen weder ver\u00e4ndert noch beseitigt werden. Alle dar\u00fcber hinaus gehenden Handlungen bed\u00fcrfen einer vorherigen schriftlichen Zustimmung durch Bergos AG. Der Abruf der bereitgehaltenen Informationen darf nur in einer Art und Weise geschehen, der die Nutzung des Bergos AG Online-Angebots durch die \u00fcbrigen Besucher nicht beeintr\u00e4chtigt.<\/p>\n\n\n\n<h4 class=\"wp-block-heading\">2. Zugangsbeschr\u00e4nkungen<\/h4>\n\n\n\n<p>Die auf dieser Website genannten Produkte und Dienstleistungen sind in der Schweiz zum Vertrieb zugelassen und richten sich nicht an Personen, die aufgrund von Nationalit\u00e4t, Gesch\u00e4ftssitz, Wohnsitz oder sonstiger Gr\u00fcnde einer Rechtsordnung unterliegen, die es ausl\u00e4ndischen Finanzdienstleistern verbietet, dort gesch\u00e4ftlich t\u00e4tig zu sein oder den ihr unterliegenden juristischen oder nat\u00fcrlichen Personen den Zugang zu Websites ausl\u00e4ndischer Finanzdienstleister verbietet oder einschr\u00e4nkt.<br>Ohne Bewilligung einer ausl\u00e4ndischen Aufsichtsbeh\u00f6rde darf Bergos AG im jeweiligen Land grunds\u00e4tzlich nicht f\u00fcr Bank- oder Finanzdienstleistungen werben. Unter anderem verf\u00fcgt Bergos AG \u00fcber keine Bewilligung in den USA.<br>Die Website kann Informationen \u00fcber Finanzdienstleistungen und -produkte enthalten, welche von den Aufsichtsbeh\u00f6rden des oben genannten Landes als ein \u00f6ffentliches Angebot von Finanzprodukten und einer zielgerichteten Werbung von Banken- und Finanzdienstleistungen an Personen wohnhaft im genannten Land betrachtet werden k\u00f6nnen. Falls Sie im oben genannten Land wohnhaft sind, best\u00e4tigen Sie, dass Sie die Website aus eigener Initiative besuchen und in keiner Weise von Bergos AG angeworben wurden.<\/p>\n\n\n\n<h4 class=\"wp-block-heading\">3. B\u00f6rseninformationen\/Aktien- und Marktkommentare<\/h4>\n\n\n\n<p>Die bereitgestellten Kurs- und Indexinformationen beruhen auf Informationen Dritterund wurden von Bergos AG nicht gepr\u00fcft. Bergos AG \u00fcbernimmt daher trotz sorgf\u00e4ltiger Beschaffung keine Haftung f\u00fcr die Richtigkeit, Vollst\u00e4ndigkeit und Genauigkeit der zum Abruf bereitgehaltenen und angezeigten Informationen. Alle Kurs- und Indexinformationen sind im \u00fcbrigen je nach B\u00f6rse bzw. Wertpapiertyp unterschiedlich, i. d. R. mindestens 15 Min. zeitverz\u00f6gert. Die Indexbezeichnungen \u00abDow Jones Stoxx 50\u00bb, \u00abDow Jones Euro Stoxx 50\u00bb, \u00abDow Jones Industrial Average\u00bb sind Markenzeichen der Dow Jones &amp; Company Inc. Die zu einzelnen Aktien abgegebenen Kommentare stellen keine Anlageberatung bzw. kein Angebot auf Abschluss eines Beratungs- bzw. Auskunftsvertrages dar. Die Ausf\u00fchrungen dienen vielmehr lediglich Informationszwecken. Die verarbeiteten Informationen sind aus Quellen entnommen, welche wir f\u00fcr verl\u00e4sslich halten, f\u00fcr deren Richtigkeit und Vollst\u00e4ndigkeit wir jedoch keine Garantie \u00fcbernehmen k\u00f6nnen. Die in den Kommentaren getroffenen Werturteile entsprechen der pers\u00f6nlichen Einsch\u00e4tzung einzelner Analysten und k\u00f6nnen ohne vorherige Ank\u00fcndigung jederzeit ge\u00e4ndert werden. Sie beruhen ferner auf Annahmen, welche permanenten Ver\u00e4nderungen unterliegen und sich daher in Zukunft als nicht richtig erweisen k\u00f6nnen. Bergos AG kann daher keine Haftung f\u00fcr unmittelbare oder mittelbare Sch\u00e4den \u00fcbernehmen die infolge der Verwendung einzelner Aussagen, Sch\u00e4tzungen bzw. Projektionen entstehen.<\/p>\n\n\n\n<h4 class=\"wp-block-heading\">4. Datenschutzklausel<\/h4>\n\n\n\n<p>In Verbindung mit Ihrem Zugriff werden auf unseren Servern Daten f\u00fcr Sicherungszwecke gespeichert, die m\u00f6glicherweise eine Identifizierung zulassen (z.B. IP-Adresse, Datum, Uhrzeit und betrachtete Seiten). Es findet keine personenbezogene Verwertung statt. Die statistische Auswertung anonymisierter Datens\u00e4tze bleibt vorbehalten. IP-Adressen speichern f\u00fcr einenunbestimmten Zeitraum. Die Speicherung erfolgt aus Gr\u00fcnden der Datensicherheit, um die Stabilit\u00e4t und Betriebssicherheit unseres Systems zu gew\u00e4hrleisten.<\/p>\n\n\n\n<h4 class=\"wp-block-heading\">5. Informationen zum \u00dcberweisungsverkehr <\/h4>\n\n\n\n<p>Bei \u00dcberweisungen ins Ausland und bei gesondert beauftragten Eil\u00fcberweisungen werden die in der \u00dcberweisung enthaltenen Daten \u00fcber den einzigen weltweit t\u00e4tigen Zahlungsnachrichtendienst Society for Worldwide Interbank Financial Telecommunication (SWIFT) mit Sitz in Belgien an das Kreditinstitut des Beg\u00fcnstigten weitergeleitet. Aus Gr\u00fcnden der Systemsicherheit speichert SWIFT die Transaktionsdaten vor\u00fcbergehend in seinen Rechenzentren in den Niederlanden und USA. Anlass dieser Information ist ein Beschluss der Datenschutzaufsichtsbeh\u00f6rden vom November 2006, mit dem diese auf Zugriffe von US-Beh\u00f6rden auf \u00dcberweisungsdaten im Rechenzentrum von SWIFT in den USA zum Zwecke der Bek\u00e4mpfung des internationalen Terrorismus reagieren.<\/p>\n\n<\/div>\t<\/div>\n<\/section>","protected":false},"excerpt":{"rendered":"","protected":false},"author":1,"featured_media":0,"parent":0,"menu_order":100,"comment_status":"closed","ping_status":"closed","template":"","meta":{"_acf_changed":false,"footnotes":""},"class_list":["post-2096","page","type-page","status-publish","hentry"],"acf":[],"yoast_head":"<!-- This site is optimized with the Yoast SEO plugin v27.3 - https:\/\/yoast.com\/product\/yoast-seo-wordpress\/ -->\n<title>Nutzungsbedingungen - Bergos<\/title>\n<meta name=\"robots\" content=\"index, follow, max-snippet:-1, max-image-preview:large, max-video-preview:-1\" \/>\n<link rel=\"canonical\" href=\"https:\/\/www.bergos.ch\/de\/nutzungsbedingungen\/\" \/>\n<meta property=\"og:locale\" content=\"de_DE\" \/>\n<meta property=\"og:type\" content=\"article\" \/>\n<meta property=\"og:title\" content=\"Nutzungsbedingungen - Bergos\" \/>\n<meta property=\"og:url\" content=\"https:\/\/www.bergos.ch\/de\/nutzungsbedingungen\/\" \/>\n<meta property=\"og:site_name\" content=\"Bergos\" \/>\n<meta property=\"article:modified_time\" content=\"2025-08-26T12:50:24+00:00\" \/>\n<meta property=\"og:image\" content=\"https:\/\/www.bergos.ch\/wp-content\/uploads\/2022\/03\/bergos_share_01.jpg\" \/>\n\t<meta property=\"og:image:width\" content=\"1200\" \/>\n\t<meta property=\"og:image:height\" content=\"668\" \/>\n\t<meta property=\"og:image:type\" content=\"image\/jpeg\" \/>\n<meta name=\"twitter:card\" content=\"summary_large_image\" \/>\n<meta name=\"twitter:label1\" content=\"Gesch\u00e4tzte Lesezeit\" \/>\n\t<meta name=\"twitter:data1\" content=\"4\u00a0Minuten\" \/>\n<script type=\"application\/ld+json\" class=\"yoast-schema-graph\">{\"@context\":\"https:\\\/\\\/schema.org\",\"@graph\":[{\"@type\":\"WebPage\",\"@id\":\"https:\\\/\\\/www.bergos.ch\\\/de\\\/nutzungsbedingungen\\\/\",\"url\":\"https:\\\/\\\/www.bergos.ch\\\/de\\\/nutzungsbedingungen\\\/\",\"name\":\"Nutzungsbedingungen - Bergos\",\"isPartOf\":{\"@id\":\"https:\\\/\\\/www.bergos.ch\\\/de\\\/#website\"},\"datePublished\":\"2021-11-30T10:38:38+00:00\",\"dateModified\":\"2025-08-26T12:50:24+00:00\",\"breadcrumb\":{\"@id\":\"https:\\\/\\\/www.bergos.ch\\\/de\\\/nutzungsbedingungen\\\/#breadcrumb\"},\"inLanguage\":\"de\",\"potentialAction\":[{\"@type\":\"ReadAction\",\"target\":[\"https:\\\/\\\/www.bergos.ch\\\/de\\\/nutzungsbedingungen\\\/\"]}]},{\"@type\":\"BreadcrumbList\",\"@id\":\"https:\\\/\\\/www.bergos.ch\\\/de\\\/nutzungsbedingungen\\\/#breadcrumb\",\"itemListElement\":[{\"@type\":\"ListItem\",\"position\":1,\"name\":\"Home\",\"item\":\"https:\\\/\\\/www.bergos.ch\\\/de\\\/\"},{\"@type\":\"ListItem\",\"position\":2,\"name\":\"Nutzungsbedingungen\"}]},{\"@type\":\"WebSite\",\"@id\":\"https:\\\/\\\/www.bergos.ch\\\/de\\\/#website\",\"url\":\"https:\\\/\\\/www.bergos.ch\\\/de\\\/\",\"name\":\"Bergos\",\"description\":\"An independent, internationally operating Swiss private bank.\",\"publisher\":{\"@id\":\"https:\\\/\\\/www.bergos.ch\\\/de\\\/#organization\"},\"potentialAction\":[{\"@type\":\"SearchAction\",\"target\":{\"@type\":\"EntryPoint\",\"urlTemplate\":\"https:\\\/\\\/www.bergos.ch\\\/de\\\/?s={search_term_string}\"},\"query-input\":{\"@type\":\"PropertyValueSpecification\",\"valueRequired\":true,\"valueName\":\"search_term_string\"}}],\"inLanguage\":\"de\"},{\"@type\":\"Organization\",\"@id\":\"https:\\\/\\\/www.bergos.ch\\\/de\\\/#organization\",\"name\":\"Bergos AG\",\"url\":\"https:\\\/\\\/www.bergos.ch\\\/de\\\/\",\"logo\":{\"@type\":\"ImageObject\",\"inLanguage\":\"de\",\"@id\":\"https:\\\/\\\/www.bergos.ch\\\/de\\\/#\\\/schema\\\/logo\\\/image\\\/\",\"url\":\"https:\\\/\\\/www.bergos.ch\\\/wp-content\\\/uploads\\\/2025\\\/08\\\/Share.jpg\",\"contentUrl\":\"https:\\\/\\\/www.bergos.ch\\\/wp-content\\\/uploads\\\/2025\\\/08\\\/Share.jpg\",\"width\":1200,\"height\":628,\"caption\":\"Bergos AG\"},\"image\":{\"@id\":\"https:\\\/\\\/www.bergos.ch\\\/de\\\/#\\\/schema\\\/logo\\\/image\\\/\"},\"sameAs\":[\"https:\\\/\\\/www.linkedin.com\\\/company\\\/bergos-berenberg\",\"https:\\\/\\\/www.instagram.com\\\/bergosbank\\\/\"]}]}<\/script>\n<!-- \/ Yoast SEO plugin. -->","yoast_head_json":{"title":"Nutzungsbedingungen - Bergos","robots":{"index":"index","follow":"follow","max-snippet":"max-snippet:-1","max-image-preview":"max-image-preview:large","max-video-preview":"max-video-preview:-1"},"canonical":"https:\/\/www.bergos.ch\/de\/nutzungsbedingungen\/","og_locale":"de_DE","og_type":"article","og_title":"Nutzungsbedingungen - Bergos","og_url":"https:\/\/www.bergos.ch\/de\/nutzungsbedingungen\/","og_site_name":"Bergos","article_modified_time":"2025-08-26T12:50:24+00:00","og_image":[{"width":1200,"height":668,"url":"https:\/\/www.bergos.ch\/wp-content\/uploads\/2022\/03\/bergos_share_01.jpg","type":"image\/jpeg"}],"twitter_card":"summary_large_image","twitter_misc":{"Gesch\u00e4tzte Lesezeit":"4\u00a0Minuten"},"schema":{"@context":"https:\/\/schema.org","@graph":[{"@type":"WebPage","@id":"https:\/\/www.bergos.ch\/de\/nutzungsbedingungen\/","url":"https:\/\/www.bergos.ch\/de\/nutzungsbedingungen\/","name":"Nutzungsbedingungen - Bergos","isPartOf":{"@id":"https:\/\/www.bergos.ch\/de\/#website"},"datePublished":"2021-11-30T10:38:38+00:00","dateModified":"2025-08-26T12:50:24+00:00","breadcrumb":{"@id":"https:\/\/www.bergos.ch\/de\/nutzungsbedingungen\/#breadcrumb"},"inLanguage":"de","potentialAction":[{"@type":"ReadAction","target":["https:\/\/www.bergos.ch\/de\/nutzungsbedingungen\/"]}]},{"@type":"BreadcrumbList","@id":"https:\/\/www.bergos.ch\/de\/nutzungsbedingungen\/#breadcrumb","itemListElement":[{"@type":"ListItem","position":1,"name":"Home","item":"https:\/\/www.bergos.ch\/de\/"},{"@type":"ListItem","position":2,"name":"Nutzungsbedingungen"}]},{"@type":"WebSite","@id":"https:\/\/www.bergos.ch\/de\/#website","url":"https:\/\/www.bergos.ch\/de\/","name":"Bergos","description":"An independent, internationally operating Swiss private bank.","publisher":{"@id":"https:\/\/www.bergos.ch\/de\/#organization"},"potentialAction":[{"@type":"SearchAction","target":{"@type":"EntryPoint","urlTemplate":"https:\/\/www.bergos.ch\/de\/?s={search_term_string}"},"query-input":{"@type":"PropertyValueSpecification","valueRequired":true,"valueName":"search_term_string"}}],"inLanguage":"de"},{"@type":"Organization","@id":"https:\/\/www.bergos.ch\/de\/#organization","name":"Bergos AG","url":"https:\/\/www.bergos.ch\/de\/","logo":{"@type":"ImageObject","inLanguage":"de","@id":"https:\/\/www.bergos.ch\/de\/#\/schema\/logo\/image\/","url":"https:\/\/www.bergos.ch\/wp-content\/uploads\/2025\/08\/Share.jpg","contentUrl":"https:\/\/www.bergos.ch\/wp-content\/uploads\/2025\/08\/Share.jpg","width":1200,"height":628,"caption":"Bergos AG"},"image":{"@id":"https:\/\/www.bergos.ch\/de\/#\/schema\/logo\/image\/"},"sameAs":["https:\/\/www.linkedin.com\/company\/bergos-berenberg","https:\/\/www.instagram.com\/bergosbank\/"]}]}},"_links":{"self":[{"href":"https:\/\/www.bergos.ch\/de\/wp-json\/wp\/v2\/pages\/2096","targetHints":{"allow":["GET"]}}],"collection":[{"href":"https:\/\/www.bergos.ch\/de\/wp-json\/wp\/v2\/pages"}],"about":[{"href":"https:\/\/www.bergos.ch\/de\/wp-json\/wp\/v2\/types\/page"}],"author":[{"embeddable":true,"href":"https:\/\/www.bergos.ch\/de\/wp-json\/wp\/v2\/users\/1"}],"replies":[{"embeddable":true,"href":"https:\/\/www.bergos.ch\/de\/wp-json\/wp\/v2\/comments?post=2096"}],"version-history":[{"count":1,"href":"https:\/\/www.bergos.ch\/de\/wp-json\/wp\/v2\/pages\/2096\/revisions"}],"predecessor-version":[{"id":15902,"href":"https:\/\/www.bergos.ch\/de\/wp-json\/wp\/v2\/pages\/2096\/revisions\/15902"}],"wp:attachment":[{"href":"https:\/\/www.bergos.ch\/de\/wp-json\/wp\/v2\/media?parent=2096"}],"curies":[{"name":"wp","href":"https:\/\/api.w.org\/{rel}","templated":true}]}}