{"id":2104,"date":"2021-11-30T11:02:08","date_gmt":"2021-11-30T11:02:08","guid":{"rendered":"https:\/\/www.bergos.ch\/automatic-exchange-of-information-aeoi\/"},"modified":"2025-08-26T12:45:10","modified_gmt":"2025-08-26T12:45:10","slug":"aia-de","status":"publish","type":"page","link":"https:\/\/www.bergos.ch\/de\/aia-de\/","title":{"rendered":"Automatischer Informationsaustausch (AIA)"},"content":{"rendered":"\n<section id=\"section-block_1bcdf5cda167345d0acbd1a52d61d953\" class=\"content-block-outer text-de space-down\">\n\t<div class=\"decoration\"><span class=\"parallax\" data-speed=\"0.2\"><\/span><\/div>\n\t<div class=\"holder static-entry\">\n\t\t<div class=\"acf-innerblocks-container\">\n\n<div class=\"wp-block-group spacing-top-0 spacing-bottom-m\"><div class=\"wp-block-group__inner-container is-layout-constrained wp-block-group-is-layout-constrained\">\n<h1 class=\"wp-block-heading has-medium-font-size\">AUTOMATISCHER INFORMATIONSAUSTAUSCH (AIA)<\/h1>\n<\/div><\/div>\n\n\n\n<p>Am 1. Januar 2017 trat in der Schweiz das Bundesgesetz \u00fcber den internationalen automatischen Informationsaustausch in Steuersachen (AIA-Gesetz) in Kraft. Dieses Gesetz setzt den Common Reporting Standard (CRS) der OECD um, der zum globalen Standard f\u00fcr den internationalen Austausch von Bankdaten in Steuersachen geworden ist. Bis heute haben sich mehr als 100 Staaten bereit erkl\u00e4rt, den CRS umzusetzen. Das AIA-Gesetz verpflichtet Schweizer Banken, die steuerliche Ans\u00e4ssigkeit ihrer Kunden zu dokumentieren. Konten von Kunden, die in einem meldepflichtigen Staat ans\u00e4ssig und selber keine Finanzinstitute sind, m\u00fcssen den zust\u00e4ndigen Beh\u00f6rden offengelegt werden. Eine jeweils aktuelle Liste der meldepflichtigen Staaten finden Sie auf der Website des Eidgen\u00f6ssischen Staatssekretariats f\u00fcr internationale Finanzfragen.<\/p>\n\n\n\n<p><a href=\"https:\/\/www.sif.admin.ch\/sif\/de\/home\/multilateral\/steuer_informationsaust\/automatischer-informationsaustausch\/automatischer-informationsaustausch1.html\">https:\/\/www.sif.admin.ch\/sif\/de\/home\/multilateral\/steuer_informationsaust\/automatischer-informationsaustausch\/automatischer-informationsaustausch1.html<\/a><\/p>\n\n<\/div>\t<\/div>\n<\/section>","protected":false},"excerpt":{"rendered":"","protected":false},"author":1,"featured_media":0,"parent":0,"menu_order":120,"comment_status":"closed","ping_status":"closed","template":"","meta":{"_acf_changed":false,"footnotes":""},"class_list":["post-2104","page","type-page","status-publish","hentry"],"acf":[],"yoast_head":"<!-- This site is optimized with the Yoast SEO plugin v27.3 - https:\/\/yoast.com\/product\/yoast-seo-wordpress\/ -->\n<title>Automatischer Informationsaustausch (AIA) - Bergos<\/title>\n<meta name=\"robots\" content=\"index, follow, max-snippet:-1, max-image-preview:large, max-video-preview:-1\" \/>\n<link rel=\"canonical\" href=\"https:\/\/www.bergos.ch\/de\/aia-de\/\" \/>\n<meta property=\"og:locale\" content=\"de_DE\" \/>\n<meta property=\"og:type\" content=\"article\" \/>\n<meta property=\"og:title\" content=\"Automatischer Informationsaustausch (AIA) - Bergos\" \/>\n<meta property=\"og:url\" content=\"https:\/\/www.bergos.ch\/de\/aia-de\/\" \/>\n<meta property=\"og:site_name\" content=\"Bergos\" \/>\n<meta property=\"article:modified_time\" content=\"2025-08-26T12:45:10+00:00\" \/>\n<meta property=\"og:image\" content=\"https:\/\/www.bergos.ch\/wp-content\/uploads\/2022\/03\/bergos_share_01.jpg\" \/>\n\t<meta property=\"og:image:width\" content=\"1200\" \/>\n\t<meta property=\"og:image:height\" content=\"668\" \/>\n\t<meta property=\"og:image:type\" content=\"image\/jpeg\" \/>\n<meta name=\"twitter:card\" content=\"summary_large_image\" \/>\n<meta name=\"twitter:label1\" content=\"Gesch\u00e4tzte Lesezeit\" \/>\n\t<meta name=\"twitter:data1\" content=\"1\u00a0Minute\" \/>\n<script type=\"application\/ld+json\" class=\"yoast-schema-graph\">{\"@context\":\"https:\\\/\\\/schema.org\",\"@graph\":[{\"@type\":\"WebPage\",\"@id\":\"https:\\\/\\\/www.bergos.ch\\\/de\\\/aia-de\\\/\",\"url\":\"https:\\\/\\\/www.bergos.ch\\\/de\\\/aia-de\\\/\",\"name\":\"Automatischer Informationsaustausch (AIA) - Bergos\",\"isPartOf\":{\"@id\":\"https:\\\/\\\/www.bergos.ch\\\/de\\\/#website\"},\"datePublished\":\"2021-11-30T11:02:08+00:00\",\"dateModified\":\"2025-08-26T12:45:10+00:00\",\"breadcrumb\":{\"@id\":\"https:\\\/\\\/www.bergos.ch\\\/de\\\/aia-de\\\/#breadcrumb\"},\"inLanguage\":\"de\",\"potentialAction\":[{\"@type\":\"ReadAction\",\"target\":[\"https:\\\/\\\/www.bergos.ch\\\/de\\\/aia-de\\\/\"]}]},{\"@type\":\"BreadcrumbList\",\"@id\":\"https:\\\/\\\/www.bergos.ch\\\/de\\\/aia-de\\\/#breadcrumb\",\"itemListElement\":[{\"@type\":\"ListItem\",\"position\":1,\"name\":\"Home\",\"item\":\"https:\\\/\\\/www.bergos.ch\\\/de\\\/\"},{\"@type\":\"ListItem\",\"position\":2,\"name\":\"Automatischer Informationsaustausch (AIA)\"}]},{\"@type\":\"WebSite\",\"@id\":\"https:\\\/\\\/www.bergos.ch\\\/de\\\/#website\",\"url\":\"https:\\\/\\\/www.bergos.ch\\\/de\\\/\",\"name\":\"Bergos\",\"description\":\"An independent, internationally operating Swiss private bank.\",\"publisher\":{\"@id\":\"https:\\\/\\\/www.bergos.ch\\\/de\\\/#organization\"},\"potentialAction\":[{\"@type\":\"SearchAction\",\"target\":{\"@type\":\"EntryPoint\",\"urlTemplate\":\"https:\\\/\\\/www.bergos.ch\\\/de\\\/?s={search_term_string}\"},\"query-input\":{\"@type\":\"PropertyValueSpecification\",\"valueRequired\":true,\"valueName\":\"search_term_string\"}}],\"inLanguage\":\"de\"},{\"@type\":\"Organization\",\"@id\":\"https:\\\/\\\/www.bergos.ch\\\/de\\\/#organization\",\"name\":\"Bergos AG\",\"url\":\"https:\\\/\\\/www.bergos.ch\\\/de\\\/\",\"logo\":{\"@type\":\"ImageObject\",\"inLanguage\":\"de\",\"@id\":\"https:\\\/\\\/www.bergos.ch\\\/de\\\/#\\\/schema\\\/logo\\\/image\\\/\",\"url\":\"https:\\\/\\\/www.bergos.ch\\\/wp-content\\\/uploads\\\/2025\\\/08\\\/Share.jpg\",\"contentUrl\":\"https:\\\/\\\/www.bergos.ch\\\/wp-content\\\/uploads\\\/2025\\\/08\\\/Share.jpg\",\"width\":1200,\"height\":628,\"caption\":\"Bergos AG\"},\"image\":{\"@id\":\"https:\\\/\\\/www.bergos.ch\\\/de\\\/#\\\/schema\\\/logo\\\/image\\\/\"},\"sameAs\":[\"https:\\\/\\\/www.linkedin.com\\\/company\\\/bergos-berenberg\",\"https:\\\/\\\/www.instagram.com\\\/bergosbank\\\/\"]}]}<\/script>\n<!-- \/ Yoast SEO plugin. -->","yoast_head_json":{"title":"Automatischer Informationsaustausch (AIA) - Bergos","robots":{"index":"index","follow":"follow","max-snippet":"max-snippet:-1","max-image-preview":"max-image-preview:large","max-video-preview":"max-video-preview:-1"},"canonical":"https:\/\/www.bergos.ch\/de\/aia-de\/","og_locale":"de_DE","og_type":"article","og_title":"Automatischer Informationsaustausch (AIA) - Bergos","og_url":"https:\/\/www.bergos.ch\/de\/aia-de\/","og_site_name":"Bergos","article_modified_time":"2025-08-26T12:45:10+00:00","og_image":[{"width":1200,"height":668,"url":"https:\/\/www.bergos.ch\/wp-content\/uploads\/2022\/03\/bergos_share_01.jpg","type":"image\/jpeg"}],"twitter_card":"summary_large_image","twitter_misc":{"Gesch\u00e4tzte Lesezeit":"1\u00a0Minute"},"schema":{"@context":"https:\/\/schema.org","@graph":[{"@type":"WebPage","@id":"https:\/\/www.bergos.ch\/de\/aia-de\/","url":"https:\/\/www.bergos.ch\/de\/aia-de\/","name":"Automatischer Informationsaustausch (AIA) - Bergos","isPartOf":{"@id":"https:\/\/www.bergos.ch\/de\/#website"},"datePublished":"2021-11-30T11:02:08+00:00","dateModified":"2025-08-26T12:45:10+00:00","breadcrumb":{"@id":"https:\/\/www.bergos.ch\/de\/aia-de\/#breadcrumb"},"inLanguage":"de","potentialAction":[{"@type":"ReadAction","target":["https:\/\/www.bergos.ch\/de\/aia-de\/"]}]},{"@type":"BreadcrumbList","@id":"https:\/\/www.bergos.ch\/de\/aia-de\/#breadcrumb","itemListElement":[{"@type":"ListItem","position":1,"name":"Home","item":"https:\/\/www.bergos.ch\/de\/"},{"@type":"ListItem","position":2,"name":"Automatischer Informationsaustausch (AIA)"}]},{"@type":"WebSite","@id":"https:\/\/www.bergos.ch\/de\/#website","url":"https:\/\/www.bergos.ch\/de\/","name":"Bergos","description":"An independent, internationally operating Swiss private bank.","publisher":{"@id":"https:\/\/www.bergos.ch\/de\/#organization"},"potentialAction":[{"@type":"SearchAction","target":{"@type":"EntryPoint","urlTemplate":"https:\/\/www.bergos.ch\/de\/?s={search_term_string}"},"query-input":{"@type":"PropertyValueSpecification","valueRequired":true,"valueName":"search_term_string"}}],"inLanguage":"de"},{"@type":"Organization","@id":"https:\/\/www.bergos.ch\/de\/#organization","name":"Bergos AG","url":"https:\/\/www.bergos.ch\/de\/","logo":{"@type":"ImageObject","inLanguage":"de","@id":"https:\/\/www.bergos.ch\/de\/#\/schema\/logo\/image\/","url":"https:\/\/www.bergos.ch\/wp-content\/uploads\/2025\/08\/Share.jpg","contentUrl":"https:\/\/www.bergos.ch\/wp-content\/uploads\/2025\/08\/Share.jpg","width":1200,"height":628,"caption":"Bergos AG"},"image":{"@id":"https:\/\/www.bergos.ch\/de\/#\/schema\/logo\/image\/"},"sameAs":["https:\/\/www.linkedin.com\/company\/bergos-berenberg","https:\/\/www.instagram.com\/bergosbank\/"]}]}},"_links":{"self":[{"href":"https:\/\/www.bergos.ch\/de\/wp-json\/wp\/v2\/pages\/2104","targetHints":{"allow":["GET"]}}],"collection":[{"href":"https:\/\/www.bergos.ch\/de\/wp-json\/wp\/v2\/pages"}],"about":[{"href":"https:\/\/www.bergos.ch\/de\/wp-json\/wp\/v2\/types\/page"}],"author":[{"embeddable":true,"href":"https:\/\/www.bergos.ch\/de\/wp-json\/wp\/v2\/users\/1"}],"replies":[{"embeddable":true,"href":"https:\/\/www.bergos.ch\/de\/wp-json\/wp\/v2\/comments?post=2104"}],"version-history":[{"count":1,"href":"https:\/\/www.bergos.ch\/de\/wp-json\/wp\/v2\/pages\/2104\/revisions"}],"predecessor-version":[{"id":15901,"href":"https:\/\/www.bergos.ch\/de\/wp-json\/wp\/v2\/pages\/2104\/revisions\/15901"}],"wp:attachment":[{"href":"https:\/\/www.bergos.ch\/de\/wp-json\/wp\/v2\/media?parent=2104"}],"curies":[{"name":"wp","href":"https:\/\/api.w.org\/{rel}","templated":true}]}}