{"id":2112,"date":"2021-11-30T11:05:36","date_gmt":"2021-11-30T11:05:36","guid":{"rendered":"https:\/\/www.bergos.ch\/add_info\/"},"modified":"2025-08-26T13:32:26","modified_gmt":"2025-08-26T13:32:26","slug":"weiterfuehrende-informationen","status":"publish","type":"page","link":"https:\/\/www.bergos.ch\/de\/weiterfuehrende-informationen\/","title":{"rendered":"Weiterf\u00fchrende Informationen"},"content":{"rendered":"\n<section id=\"section-block_2479a26fedda84b2ef475211bc437414\" class=\"content-block-outer space-down\">\n\t<div class=\"decoration\"><span class=\"parallax\" data-speed=\"0.2\"><\/span><\/div>\n\t<div class=\"holder static-entry\">\n\t\t<div class=\"acf-innerblocks-container\">\n\n<div class=\"wp-block-group spacing-top-0 spacing-bottom-m\"><div class=\"wp-block-group__inner-container is-layout-constrained wp-block-group-is-layout-constrained\">\n<h1 class=\"wp-block-heading has-medium-font-size\">GENERELLER HINWEIS<\/h1>\n<\/div><\/div>\n\n\n\n<p>Die Bergos AG ist eine Aktiengesellschaft nach Schweizer Recht und im Handelsregister des Kantons Z\u00fcrich unter der Nr. CHE-106.250.725 eingetragen, mit der registrierten Gesch\u00e4ftsstelle an der Kreuzstrasse 5, in 8008 Z\u00fcrich, Schweiz.<\/p>\n\n\n\n<p>F\u00fcr ihre T\u00e4tigkeit als Bank und Effektenh\u00e4ndler verf\u00fcgt die Bergos AG \u00fcber eine Zulassung der Schweizer Finanzmarktaufsicht (FINMA) und erf\u00fcllt die entsprechenden Kapitalvorschriften in der Schweiz (<a href=\"https:\/\/www.finma.ch\/de\/finma-public\/bewilligte-institute-personen-und-produkte\/\" target=\"_blank\" rel=\"noreferrer noopener\">https:\/\/www.finma.ch\/de\/finma-public\/bewilligte-institute-personen-und-produkte\/<\/a>).<\/p>\n\n\n\n<p>Im Falle einer Beschwerde bitten wir Sie entweder Ihren Kundenbetreuer oder Clientservices (E-Mail: <a href=\"mailto:clientservices@bergos.ch\">clientservices@bergos.ch<\/a>). zu kontaktieren. Wir sind bestrebt die Angelegenheit zu kl\u00e4ren. Falls dies nicht zu Ihrer Zufriedenheit erfolgt, haben Sie die M\u00f6glichkeit sich an den Schweizer Bankenombudsman zu wenden. Weitere Informationen finden Sie unter <a rel=\"noreferrer noopener\" href=\"http:\/\/www.bankingombudsman.ch\/de\/\" target=\"_blank\">http:\/\/www.bankingombudsman.ch\/de\/<\/a>.<\/p>\n\n\n\n<h4 class=\"wp-block-heading\">Halbj\u00e4hrliche Publikation des Zins\u00e4nderungsrisikos<\/h4>\n\n\n\n<p>Zum Download des Zins\u00e4nderungsrisikos klicken Sie <a href=\"https:\/\/www.bergos.ch\/wp-content\/uploads\/2023\/07\/Halbjahresabschluss-per-30.06.2023-Offenlegung-IRRBB-1.pdf\" target=\"_blank\" rel=\"noreferrer noopener\">h<\/a><a href=\"https:\/\/www.bergos.ch\/wp-content\/uploads\/2024\/08\/Halbjahresabschluss-per-30.06.2024-Offenlegung-IRRBB.pdf\" target=\"_blank\" rel=\"noreferrer noopener\">ier<\/a>.<\/p>\n\n\n\n<h4 class=\"wp-block-heading\">Risiken im Handel mit Finanzinstrumenten<\/h4>\n\n\n\n<p>Die Bergos AG stellt Ihren Kunden die Brosch\u00fcre \u201eRisiken im Handel mit Finanzinstrumenten\u201c zur Verf\u00fcgung, damit Sie sich \u00fcber die Risiken im Handel mit Finanzinstrumenten informieren k\u00f6nnen. Wir bitten Sie, die Informationen sorgf\u00e4ltig durchzulesen und f\u00fcr allf\u00e4llige Fragen Ihren Kundenbetreuer zu kontaktieren.<\/p>\n\n\n\n<p>Zum Download der Brosch\u00fcre klicken Sie <a href=\"https:\/\/www.bergos.ch\/wp-content\/uploads\/2024\/07\/SBVg_Risiken_im_Handel_mit_Finanzinstrumenten_2023_DE.pdf_safe.pdf\" target=\"_blank\" rel=\"noreferrer noopener\">hier<\/a>.<\/p>\n\n\n\n<h4 class=\"wp-block-heading\">Informationen zur FIDLEG Kundenkategorisierung<\/h4>\n\n\n\n<p>Gem\u00e4ss dem Schweizer Finanzdienstleistungsgesetz (FIDLEG) sind Finanzdienstleister verpflichtet, ihre Kunden einem Kundensegment (Privatkunde, professioneller Kunde oder institutioneller Kunde) zuzuordnen. Sind an einem Verm\u00f6gen mehrere Kunden berechtigt, so sind sie f\u00fcr dieses gemeinsam demjenigen Kundensegment zuzuweisen, das jeweils den gr\u00f6ssten Kundenschutz gew\u00e4hrt.<\/p>\n\n\n\n<h4 class=\"wp-block-heading\">Sollten Sie keine andere Mitteilung erhalten, werden Sie bei uns als Privatkunde eingestuft.<\/h4>\n\n\n\n<p>Nachfolgende \u00dcbersicht zeigt Ihnen die Auswirkungen der Einstufung auf den Anlegerschutz:<\/p>\n\n\n\n<p><a href=\"https:\/\/www.bergos.ch\/wp-content\/uploads\/2021\/12\/Informationen-zur-FIDLEG-Kundenkategorisierung_NEU.pdf\" target=\"_blank\" rel=\"noreferrer noopener\">Informationen zur FIDLEG Kundenkategorisierung<\/a><\/p>\n\n\n\n<h4 class=\"wp-block-heading\">Informationen zur Erteilung &amp; Ausf\u00fchrung von Zahlungs- &amp; B\u00f6rsenauftr\u00e4gen<\/h4>\n\n\n\n<p>Auftragserteilung<\/p>\n\n\n\n<ul class=\"wp-block-list\">\n<li>Telefonische Auftr\u00e4ge k\u00f6nnen w\u00e4hrend der Gesch\u00e4ftszeiten der Bank zwischen 8:30 Uhr und 18:00 Uhr platziert werden<\/li>\n\n\n\n<li>Auftr\u00e4ge \u00fcber das E-Banking k\u00f6nnen grunds\u00e4tzlich jederzeit erfasst werden<\/li>\n<\/ul>\n\n\n\n<p>Auftragsausf\u00fchrung &amp; Weiterleitung an den Handelsplatz<\/p>\n\n\n\n<ul class=\"wp-block-list\">\n<li>Die Verarbeitung und Ausf\u00fchrung von Auftr\u00e4gen erfolgt grunds\u00e4tzlich zu den Gesch\u00e4ftszeiten der Bank<\/li>\n\n\n\n<li>ir weisen darauf hin, dass keine durchgehende (24\/7) Daten- und Auftragsverarbeitung erfolgt (Auftr\u00e4ge, welche nach 18:00 Uhr eingehen, werden \u00fcblicherweise erst am n\u00e4chsten Gesch\u00e4ftstag der Bank verarbeitet)<\/li>\n\n\n\n<li>Bitte beachten Sie zudem die \u00d6ffnungszeiten der jeweiligen Handelspl\u00e4tze<\/li>\n<\/ul>\n\n\n\n<p>Gesch\u00e4fts- &amp; Verarbeitungszeiten: Montag \u2013 Freitag 8:30 Uhr \u2013 18 Uhr<\/p>\n\n\n\n<p>Bitte beachten Sie zudem allf\u00e4llige Feiertage der Schweiz und des Kanton Z\u00fcrich<\/p>\n\n\n\n<p><\/p>\n\n\n\n<p><\/p>\n\n<\/div>\t<\/div>\n<\/section>\n\n\n<p><\/p>\n","protected":false},"excerpt":{"rendered":"","protected":false},"author":1,"featured_media":0,"parent":0,"menu_order":130,"comment_status":"closed","ping_status":"closed","template":"","meta":{"_acf_changed":false,"footnotes":""},"class_list":["post-2112","page","type-page","status-publish","hentry"],"acf":[],"yoast_head":"<!-- This site is optimized with the Yoast SEO plugin v27.3 - https:\/\/yoast.com\/product\/yoast-seo-wordpress\/ -->\n<title>Weiterf\u00fchrende Informationen - Bergos<\/title>\n<meta name=\"robots\" content=\"index, follow, max-snippet:-1, max-image-preview:large, max-video-preview:-1\" \/>\n<link rel=\"canonical\" href=\"https:\/\/www.bergos.ch\/de\/weiterfuehrende-informationen\/\" \/>\n<meta property=\"og:locale\" content=\"de_DE\" \/>\n<meta property=\"og:type\" content=\"article\" \/>\n<meta property=\"og:title\" content=\"Weiterf\u00fchrende Informationen - Bergos\" \/>\n<meta property=\"og:url\" content=\"https:\/\/www.bergos.ch\/de\/weiterfuehrende-informationen\/\" \/>\n<meta property=\"og:site_name\" content=\"Bergos\" \/>\n<meta property=\"article:modified_time\" content=\"2025-08-26T13:32:26+00:00\" \/>\n<meta property=\"og:image\" content=\"https:\/\/www.bergos.ch\/wp-content\/uploads\/2022\/03\/bergos_share_01.jpg\" \/>\n\t<meta property=\"og:image:width\" content=\"1200\" \/>\n\t<meta property=\"og:image:height\" content=\"668\" \/>\n\t<meta property=\"og:image:type\" content=\"image\/jpeg\" \/>\n<meta name=\"twitter:card\" content=\"summary_large_image\" \/>\n<meta name=\"twitter:label1\" content=\"Gesch\u00e4tzte Lesezeit\" \/>\n\t<meta name=\"twitter:data1\" content=\"2\u00a0Minuten\" \/>\n<script type=\"application\/ld+json\" class=\"yoast-schema-graph\">{\"@context\":\"https:\\\/\\\/schema.org\",\"@graph\":[{\"@type\":\"WebPage\",\"@id\":\"https:\\\/\\\/www.bergos.ch\\\/de\\\/weiterfuehrende-informationen\\\/\",\"url\":\"https:\\\/\\\/www.bergos.ch\\\/de\\\/weiterfuehrende-informationen\\\/\",\"name\":\"Weiterf\u00fchrende Informationen - Bergos\",\"isPartOf\":{\"@id\":\"https:\\\/\\\/www.bergos.ch\\\/de\\\/#website\"},\"datePublished\":\"2021-11-30T11:05:36+00:00\",\"dateModified\":\"2025-08-26T13:32:26+00:00\",\"breadcrumb\":{\"@id\":\"https:\\\/\\\/www.bergos.ch\\\/de\\\/weiterfuehrende-informationen\\\/#breadcrumb\"},\"inLanguage\":\"de\",\"potentialAction\":[{\"@type\":\"ReadAction\",\"target\":[\"https:\\\/\\\/www.bergos.ch\\\/de\\\/weiterfuehrende-informationen\\\/\"]}]},{\"@type\":\"BreadcrumbList\",\"@id\":\"https:\\\/\\\/www.bergos.ch\\\/de\\\/weiterfuehrende-informationen\\\/#breadcrumb\",\"itemListElement\":[{\"@type\":\"ListItem\",\"position\":1,\"name\":\"Home\",\"item\":\"https:\\\/\\\/www.bergos.ch\\\/de\\\/\"},{\"@type\":\"ListItem\",\"position\":2,\"name\":\"Weiterf\u00fchrende Informationen\"}]},{\"@type\":\"WebSite\",\"@id\":\"https:\\\/\\\/www.bergos.ch\\\/de\\\/#website\",\"url\":\"https:\\\/\\\/www.bergos.ch\\\/de\\\/\",\"name\":\"Bergos\",\"description\":\"An independent, internationally operating Swiss private bank.\",\"publisher\":{\"@id\":\"https:\\\/\\\/www.bergos.ch\\\/de\\\/#organization\"},\"potentialAction\":[{\"@type\":\"SearchAction\",\"target\":{\"@type\":\"EntryPoint\",\"urlTemplate\":\"https:\\\/\\\/www.bergos.ch\\\/de\\\/?s={search_term_string}\"},\"query-input\":{\"@type\":\"PropertyValueSpecification\",\"valueRequired\":true,\"valueName\":\"search_term_string\"}}],\"inLanguage\":\"de\"},{\"@type\":\"Organization\",\"@id\":\"https:\\\/\\\/www.bergos.ch\\\/de\\\/#organization\",\"name\":\"Bergos AG\",\"url\":\"https:\\\/\\\/www.bergos.ch\\\/de\\\/\",\"logo\":{\"@type\":\"ImageObject\",\"inLanguage\":\"de\",\"@id\":\"https:\\\/\\\/www.bergos.ch\\\/de\\\/#\\\/schema\\\/logo\\\/image\\\/\",\"url\":\"https:\\\/\\\/www.bergos.ch\\\/wp-content\\\/uploads\\\/2025\\\/08\\\/Share.jpg\",\"contentUrl\":\"https:\\\/\\\/www.bergos.ch\\\/wp-content\\\/uploads\\\/2025\\\/08\\\/Share.jpg\",\"width\":1200,\"height\":628,\"caption\":\"Bergos AG\"},\"image\":{\"@id\":\"https:\\\/\\\/www.bergos.ch\\\/de\\\/#\\\/schema\\\/logo\\\/image\\\/\"},\"sameAs\":[\"https:\\\/\\\/www.linkedin.com\\\/company\\\/bergos-berenberg\",\"https:\\\/\\\/www.instagram.com\\\/bergosbank\\\/\"]}]}<\/script>\n<!-- \/ Yoast SEO plugin. -->","yoast_head_json":{"title":"Weiterf\u00fchrende Informationen - Bergos","robots":{"index":"index","follow":"follow","max-snippet":"max-snippet:-1","max-image-preview":"max-image-preview:large","max-video-preview":"max-video-preview:-1"},"canonical":"https:\/\/www.bergos.ch\/de\/weiterfuehrende-informationen\/","og_locale":"de_DE","og_type":"article","og_title":"Weiterf\u00fchrende Informationen - Bergos","og_url":"https:\/\/www.bergos.ch\/de\/weiterfuehrende-informationen\/","og_site_name":"Bergos","article_modified_time":"2025-08-26T13:32:26+00:00","og_image":[{"width":1200,"height":668,"url":"https:\/\/www.bergos.ch\/wp-content\/uploads\/2022\/03\/bergos_share_01.jpg","type":"image\/jpeg"}],"twitter_card":"summary_large_image","twitter_misc":{"Gesch\u00e4tzte Lesezeit":"2\u00a0Minuten"},"schema":{"@context":"https:\/\/schema.org","@graph":[{"@type":"WebPage","@id":"https:\/\/www.bergos.ch\/de\/weiterfuehrende-informationen\/","url":"https:\/\/www.bergos.ch\/de\/weiterfuehrende-informationen\/","name":"Weiterf\u00fchrende Informationen - Bergos","isPartOf":{"@id":"https:\/\/www.bergos.ch\/de\/#website"},"datePublished":"2021-11-30T11:05:36+00:00","dateModified":"2025-08-26T13:32:26+00:00","breadcrumb":{"@id":"https:\/\/www.bergos.ch\/de\/weiterfuehrende-informationen\/#breadcrumb"},"inLanguage":"de","potentialAction":[{"@type":"ReadAction","target":["https:\/\/www.bergos.ch\/de\/weiterfuehrende-informationen\/"]}]},{"@type":"BreadcrumbList","@id":"https:\/\/www.bergos.ch\/de\/weiterfuehrende-informationen\/#breadcrumb","itemListElement":[{"@type":"ListItem","position":1,"name":"Home","item":"https:\/\/www.bergos.ch\/de\/"},{"@type":"ListItem","position":2,"name":"Weiterf\u00fchrende Informationen"}]},{"@type":"WebSite","@id":"https:\/\/www.bergos.ch\/de\/#website","url":"https:\/\/www.bergos.ch\/de\/","name":"Bergos","description":"An independent, internationally operating Swiss private bank.","publisher":{"@id":"https:\/\/www.bergos.ch\/de\/#organization"},"potentialAction":[{"@type":"SearchAction","target":{"@type":"EntryPoint","urlTemplate":"https:\/\/www.bergos.ch\/de\/?s={search_term_string}"},"query-input":{"@type":"PropertyValueSpecification","valueRequired":true,"valueName":"search_term_string"}}],"inLanguage":"de"},{"@type":"Organization","@id":"https:\/\/www.bergos.ch\/de\/#organization","name":"Bergos AG","url":"https:\/\/www.bergos.ch\/de\/","logo":{"@type":"ImageObject","inLanguage":"de","@id":"https:\/\/www.bergos.ch\/de\/#\/schema\/logo\/image\/","url":"https:\/\/www.bergos.ch\/wp-content\/uploads\/2025\/08\/Share.jpg","contentUrl":"https:\/\/www.bergos.ch\/wp-content\/uploads\/2025\/08\/Share.jpg","width":1200,"height":628,"caption":"Bergos AG"},"image":{"@id":"https:\/\/www.bergos.ch\/de\/#\/schema\/logo\/image\/"},"sameAs":["https:\/\/www.linkedin.com\/company\/bergos-berenberg","https:\/\/www.instagram.com\/bergosbank\/"]}]}},"_links":{"self":[{"href":"https:\/\/www.bergos.ch\/de\/wp-json\/wp\/v2\/pages\/2112","targetHints":{"allow":["GET"]}}],"collection":[{"href":"https:\/\/www.bergos.ch\/de\/wp-json\/wp\/v2\/pages"}],"about":[{"href":"https:\/\/www.bergos.ch\/de\/wp-json\/wp\/v2\/types\/page"}],"author":[{"embeddable":true,"href":"https:\/\/www.bergos.ch\/de\/wp-json\/wp\/v2\/users\/1"}],"replies":[{"embeddable":true,"href":"https:\/\/www.bergos.ch\/de\/wp-json\/wp\/v2\/comments?post=2112"}],"version-history":[{"count":1,"href":"https:\/\/www.bergos.ch\/de\/wp-json\/wp\/v2\/pages\/2112\/revisions"}],"predecessor-version":[{"id":15927,"href":"https:\/\/www.bergos.ch\/de\/wp-json\/wp\/v2\/pages\/2112\/revisions\/15927"}],"wp:attachment":[{"href":"https:\/\/www.bergos.ch\/de\/wp-json\/wp\/v2\/media?parent=2112"}],"curies":[{"name":"wp","href":"https:\/\/api.w.org\/{rel}","templated":true}]}}