{"id":8204,"date":"2023-04-27T17:10:55","date_gmt":"2023-04-27T17:10:55","guid":{"rendered":"https:\/\/www.bergos.ch\/careers\/"},"modified":"2026-04-20T07:36:28","modified_gmt":"2026-04-20T07:36:28","slug":"karriere","status":"publish","type":"page","link":"https:\/\/www.bergos.ch\/de\/karriere\/","title":{"rendered":"Karriere"},"content":{"rendered":"\n<section id=\"section-block_026dc97368c2ca4f3b6c0b29a2de9283\" class=\"hero \">\n\t\t<div class=\"holder\">\n\t\t<div class=\"decoration\"><span class=\"parallax\" data-speed=\"0.2\"><\/span><\/div>\n\t\t<article>\n\t\t\t<div class=\"acf-innerblocks-container\">\n\n<h1 class=\"wp-block-heading\" id=\"art-is-an-emotional-asset\"><strong><em>JOIN<\/em><\/strong> <strong>OUR<em> <\/em><\/strong> <strong><em>TEAM<\/em><\/strong><\/h1>\n\n<\/div>\t\t\t\t\t<\/article>\n\t<\/div>\n\t<div class=\"scroll-indicator\"><span><\/span><\/div>\n<\/section>\n\n\n<section id=\"section-block_aafd699190e23af5aeeae4be7ff9ba34\" class=\"wp-block-text-two-images wp-custom-block\">\n    <div class=\"text-two-images-content\">\n        <div class=\"image-left\">\n            <img decoding=\"async\" src=\"https:\/\/www.bergos.ch\/wp-content\/uploads\/2023\/05\/gaetan-meyer-nDWZDpV4X5o-unsplash-scaled.jpg\" alt=\"gaetan-meyer \" class=\"parallax\" data-speed=\"0.05\">\n        <\/div>\n        <div class=\"text-two-images-text\">\n        <div class=\"acf-innerblocks-container\">\n\n<div class=\"wp-block-group spacing-left-l spacing-right-m\"><div class=\"wp-block-group__inner-container is-layout-constrained wp-block-group-is-layout-constrained\">\n<h2 class=\"wp-block-heading double-title has-small-font-size\" id=\"bergos-art-consult-events-2022\">HUman private bAnking <\/h2>\n\n\n\n<div class=\"wp-block-group spacing-left-m\"><div class=\"wp-block-group__inner-container is-layout-constrained wp-block-group-is-layout-constrained\">\n<p>Unsere Unternehmensphilosophie verk\u00f6rpert unseren Anspruch, unsere St\u00e4rke und die \u00dcberzeugung unserer Bank, dass Menschen und Qualit\u00e4ten wie Respekt, Empathie und Offenheit die Aktivit\u00e4ten im Private Banking leiten sollten. Dieser Ansatz pr\u00e4gt unsere Initiativen und definiert die Haltung von Bergos gegen\u00fcber seinen Kunden, Mitarbeitern und Stakeholdern. Deshalb sind die Menschen, unsere Bergosians, wichtig.<\/p>\n\n\n\n<p>Wir nehmen die Verantwortung f\u00fcr unsere Bergosians sehr ernst und sind bestrebt, ein Arbeitsplatz zu sein, an dem unsere Mitarbeiter ihr volles Potenzial entfalten k\u00f6nnen. Wir sind immer daran interessiert, von jungen und erfahrenen Fachleuten zu h\u00f6ren, die sich unserem wachsenden Team anschliessen m\u00f6chten. Wenn Sie sich f\u00fcr das Private Banking begeistern, melden Sie sich bei uns!<\/p>\n<\/div><\/div>\n<\/div><\/div>\n\n<\/div>        <\/div>\n        <div class=\"image-right\">\n            <img decoding=\"async\" src=\"https:\/\/www.bergos.ch\/wp-content\/uploads\/2023\/05\/gaetan-meyer-nDWZDpV4X5o-unsplash-scaled.jpg\" alt=\"gaetan-meyer \" class=\"parallax\" data-speed=\"-0.05\">\n        <\/div>\n    <\/div>\n<\/section>\n\n\n<div class=\"wp-block-group spacing-left-m\"><div class=\"wp-block-group__inner-container is-layout-constrained wp-block-group-is-layout-constrained\">\n<h6 class=\"wp-block-heading has-x-large-font-size\">offene Stellen:<\/h6>\n\n\n\n<p class=\"has-medium-font-size\">Zur Verst\u00e4rkung unseres <strong>Asset Management Teams<\/strong>, suchen wir einen <a href=\"https:\/\/www.bergos.ch\/wp-content\/uploads\/2026\/04\/Bergos-Stelleninserat_Portfolio-Management-Revised.pdf\" target=\"_blank\" rel=\"noreferrer noopener\"><strong>Junior Portfolio Manager 100%<\/strong><\/a>\u00a0an unserem Hauptsitz in Z\u00fcrich-Seefeld.<\/p>\n\n\n\n<p><\/p>\n\n\n\n<p><\/p>\n\n\n\n<p><\/p>\n\n\n\n<p><\/p>\n\n\n\n<p><\/p>\n\n\n\n<p><\/p>\n<\/div><\/div>\n\n\n\n<div class=\"wp-block-group dark spacing-horizontal-m spacing-vertical-m\"><div class=\"wp-block-group__inner-container is-layout-constrained wp-block-group-is-layout-constrained\">\n<div class=\"wp-block-columns is-layout-flex wp-container-core-columns-is-layout-9d6595d7 wp-block-columns-is-layout-flex\">\n<div class=\"wp-block-column is-vertically-aligned-bottom is-layout-flow wp-block-column-is-layout-flow\" style=\"flex-basis:50%\">\n<h3 class=\"wp-block-heading\">Karriere<\/h3>\n<\/div>\n\n\n\n<div class=\"wp-block-column is-vertically-aligned-center is-layout-flow wp-block-column-is-layout-flow\">\n<figure class=\"wp-block-image size-large static\"><img loading=\"lazy\" decoding=\"async\" width=\"754\" height=\"1024\" src=\"https:\/\/www.bergos.ch\/wp-content\/uploads\/2024\/02\/Raffaela-Ellersiek-_2-754x1024.jpg\" alt=\"\" class=\"wp-image-9652\" srcset=\"https:\/\/www.bergos.ch\/wp-content\/uploads\/2024\/02\/Raffaela-Ellersiek-_2-754x1024.jpg 754w, https:\/\/www.bergos.ch\/wp-content\/uploads\/2024\/02\/Raffaela-Ellersiek-_2-221x300.jpg 221w, https:\/\/www.bergos.ch\/wp-content\/uploads\/2024\/02\/Raffaela-Ellersiek-_2-768x1043.jpg 768w, https:\/\/www.bergos.ch\/wp-content\/uploads\/2024\/02\/Raffaela-Ellersiek-_2-1131x1536.jpg 1131w, https:\/\/www.bergos.ch\/wp-content\/uploads\/2024\/02\/Raffaela-Ellersiek-_2-1507x2048.jpg 1507w, https:\/\/www.bergos.ch\/wp-content\/uploads\/2024\/02\/Raffaela-Ellersiek-_2.jpg 1609w\" sizes=\"auto, (max-width: 754px) 100vw, 754px\" \/><\/figure>\n<\/div>\n\n\n\n<div class=\"wp-block-column is-layout-flow wp-block-column-is-layout-flow\" style=\"flex-basis:20%\"><\/div>\n<\/div>\n\n\n\n<div class=\"wp-block-columns are-vertically-aligned-top spacing-top-s is-layout-flex wp-container-core-columns-is-layout-9d6595d7 wp-block-columns-is-layout-flex\">\n<div class=\"wp-block-column is-vertically-aligned-top is-layout-flow wp-block-column-is-layout-flow\">\n<div class=\"wp-block-group spacing-right-m\"><div class=\"wp-block-group__inner-container is-layout-constrained wp-block-group-is-layout-constrained\">\n<p>Wenn Sie sich f\u00fcr Bergos interessieren und ein wenig mehr \u00fcber uns, unseren Ansatz und unsere Kultur erfahren m\u00f6chten, k\u00f6nnte Ihnen dieses Essay gefallen:<\/p>\n\n\n\n<p><a href=\"https:\/\/www.bergos.ch\/wp-content\/uploads\/2023\/12\/Ich-kaufe-mir-eine-Bank.pdf\">Ich kaufe mir eine Bank<\/a>, von Dr. Peter Raskin, CEO und Partner bei Bergos.<\/p>\n\n\n\n<p>Eine Reflexion \u00fcber die \u00dcbernahme der Berenberg Bank (Schweiz) AG und eine differenzierte Betrachtung der Frage, warum eine Gruppe von Unternehmern dazu geneigt ist, eine Schweizer Privatbank zu besitzen.<\/p>\n<\/div><\/div>\n<\/div>\n\n\n\n<div class=\"wp-block-column is-vertically-aligned-top is-layout-flow wp-block-column-is-layout-flow\" style=\"flex-basis:50%\">\n<div class=\"wp-block-group spacing-left-m spacing-right-s\"><div class=\"wp-block-group__inner-container is-layout-constrained wp-block-group-is-layout-constrained\">\n<p>Raffaela Ellersiek, Chief People &amp; Culture, und ihr Team freuen sich darauf, von Ihnen zu h\u00f6ren!<\/p>\n\n\n\n<p>Wir suchen Mitarbeitende f\u00fcr unser wachsendes Team von international ausgebildeten, hochkar\u00e4tigen Experten. Wir freuen uns immer, talentierte Menschen kennenzulernen, die genauso begeistert sind wie wir von der Zukunft des erstklassigen Private Banking.<\/p>\n<\/div><\/div>\n<\/div>\n<\/div>\n\n\n<div class=\"decoration right\"><span class=\"parallax\" data-speed=\"0.1\"><\/span><\/div>\n<\/div><\/div>\n\n\n\n<div class=\"wp-block-group image-square\"><div class=\"wp-block-group__inner-container is-layout-constrained wp-block-group-is-layout-constrained\">\n<div class=\"wp-block-media-text has-media-on-the-right is-stacked-on-mobile is-vertically-aligned-top\"><div class=\"wp-block-media-text__content\">\n<div class=\"wp-block-group spacing-right-l\"><div class=\"wp-block-group__inner-container is-layout-constrained wp-block-group-is-layout-constrained\">\n<h3 class=\"wp-block-heading\">Daf\u00fcr stehen wir:<\/h3>\n\n\n\n<h3 class=\"wp-block-heading\"><mark style=\"background-color:rgba(0, 0, 0, 0);color:#d3a888\" class=\"has-inline-color\">non-negotiables<\/mark><\/h3>\n\n\n\n<div class=\"wp-block-group spacing-left-m\"><div class=\"wp-block-group__inner-container is-layout-constrained wp-block-group-is-layout-constrained\">\n<p>Ein werteorientiertes Unternehmen kann nur<br>erfolgreich sein, wenn es individuelle Werte<br>zul\u00e4sst, die in jedem Einzelnen verankert sind.<br>Deshalb definieren wir keine Unternehmenswerte,<br>sondern f\u00f6rdern eine Atmosph\u00e4re des gelebten<br>und geteilten Pluralismus.<\/p>\n\n\n\n<p><br>Es gibt jedoch bestimmte Prinzipien, die die<br>Grundlage f\u00fcr unser Handeln bilden. Diese sind<br>f\u00fcr uns nicht verhandelbar, unsere<br>\u201cNon-Negotiables\u201d:<\/p>\n\n\n\n<h6 class=\"wp-block-heading\">RESPEKT<\/h6>\n\n\n\n<p>Die R\u00fccksichtnahme auf die W\u00fcnsche und Rechte<br>Anderer bildet das Fundament unserer Kultur.<br>Sie ist unabdingbar f\u00fcr unser Gesch\u00e4ft und unser<br>Leben. Wir handeln immer mit Respekt.<\/p>\n\n\n\n<h6 class=\"wp-block-heading\">EMPATHIE<\/h6>\n\n\n\n<p>Die F\u00e4higkeit und Bereitschaft, sowohl<br>die Perspektive als auch die W\u00fcnsche und<br>Bed\u00fcrfnisse anderer Personen aus deren Sicht zu<br>betrachten, sind f\u00fcr uns essentiell. Wir sind immer<br>bem\u00fcht, unser Gegen\u00fcber zu verstehen.<\/p>\n\n\n\n<h6 class=\"wp-block-heading\">NEUGIERDE<\/h6>\n\n\n\n<p>Wir sch\u00e4tzen die endlose Neugierde des<br>Menschen. Ein starkes Verlangen, mehr zu<br>wissen, und ein grosses Interesse an allem, was<br>uns umgibt, ist fundamental. Wir bleiben immer<br>aufgeschlossen.<\/p>\n<\/div><\/div>\n<\/div><\/div>\n<\/div><figure class=\"wp-block-media-text__media\"><img loading=\"lazy\" decoding=\"async\" width=\"683\" height=\"1024\" src=\"https:\/\/www.bergos.ch\/wp-content\/uploads\/2023\/08\/joshua-sukoff-XjQx-SNwXHg-unsplash-683x1024.jpg\" alt=\"\" class=\"wp-image-8568 size-full\" srcset=\"https:\/\/www.bergos.ch\/wp-content\/uploads\/2023\/08\/joshua-sukoff-XjQx-SNwXHg-unsplash-683x1024.jpg 683w, https:\/\/www.bergos.ch\/wp-content\/uploads\/2023\/08\/joshua-sukoff-XjQx-SNwXHg-unsplash-200x300.jpg 200w, https:\/\/www.bergos.ch\/wp-content\/uploads\/2023\/08\/joshua-sukoff-XjQx-SNwXHg-unsplash-768x1152.jpg 768w, https:\/\/www.bergos.ch\/wp-content\/uploads\/2023\/08\/joshua-sukoff-XjQx-SNwXHg-unsplash-1024x1536.jpg 1024w, https:\/\/www.bergos.ch\/wp-content\/uploads\/2023\/08\/joshua-sukoff-XjQx-SNwXHg-unsplash-1365x2048.jpg 1365w, https:\/\/www.bergos.ch\/wp-content\/uploads\/2023\/08\/joshua-sukoff-XjQx-SNwXHg-unsplash-scaled.jpg 1707w\" sizes=\"auto, (max-width: 683px) 100vw, 683px\" \/><\/figure><\/div>\n\n\n<div class=\"decoration top-right\"><span class=\"parallax\" data-speed=\"0.01\"><\/span><\/div>\n<\/div><\/div>\n","protected":false},"excerpt":{"rendered":"<p>offene Stellen: Zur Verst\u00e4rkung unseres Asset Management Teams, suchen wir einen Junior Portfolio Manager 100%\u00a0an unserem Hauptsitz in Z\u00fcrich-Seefeld. Karriere Wenn Sie sich f\u00fcr Bergos interessieren und ein wenig mehr \u00fcber uns, unseren Ansatz und unsere Kultur erfahren m\u00f6chten, k\u00f6nnte Ihnen dieses Essay gefallen: Ich kaufe mir eine Bank, von Dr. Peter Raskin, CEO und [&hellip;]<\/p>\n","protected":false},"author":1,"featured_media":0,"parent":0,"menu_order":140,"comment_status":"closed","ping_status":"closed","template":"","meta":{"_acf_changed":false,"footnotes":""},"class_list":["post-8204","page","type-page","status-publish","hentry"],"acf":[],"yoast_head":"<!-- This site is optimized with the Yoast SEO plugin v27.3 - https:\/\/yoast.com\/product\/yoast-seo-wordpress\/ -->\n<title>Karriere - Bergos<\/title>\n<meta name=\"robots\" content=\"index, follow, max-snippet:-1, max-image-preview:large, max-video-preview:-1\" \/>\n<link rel=\"canonical\" href=\"https:\/\/www.bergos.ch\/de\/karriere\/\" \/>\n<meta property=\"og:locale\" content=\"de_DE\" \/>\n<meta property=\"og:type\" content=\"article\" \/>\n<meta property=\"og:title\" content=\"Karriere - Bergos\" \/>\n<meta property=\"og:description\" content=\"Art is an emotional asset.\" \/>\n<meta property=\"og:url\" content=\"https:\/\/www.bergos.ch\/de\/karriere\/\" \/>\n<meta property=\"og:site_name\" content=\"Bergos\" \/>\n<meta property=\"article:modified_time\" content=\"2026-04-20T07:36:28+00:00\" \/>\n<meta property=\"og:image\" content=\"https:\/\/www.bergos.ch\/wp-content\/uploads\/2022\/03\/bergos_share_01.jpg\" \/>\n\t<meta property=\"og:image:width\" content=\"1200\" \/>\n\t<meta property=\"og:image:height\" content=\"668\" \/>\n\t<meta property=\"og:image:type\" content=\"image\/jpeg\" \/>\n<meta name=\"twitter:card\" content=\"summary_large_image\" \/>\n<meta name=\"twitter:title\" content=\"Karriere - Bergos\" \/>\n<meta name=\"twitter:description\" content=\"Art is an emotional asset.\" \/>\n<meta name=\"twitter:image\" content=\"https:\/\/www.bergos.ch\/wp-content\/uploads\/2022\/03\/bergos_share_01.jpg\" \/>\n<meta name=\"twitter:label1\" content=\"Gesch\u00e4tzte Lesezeit\" \/>\n\t<meta name=\"twitter:data1\" content=\"3\u00a0Minuten\" \/>\n<script type=\"application\/ld+json\" class=\"yoast-schema-graph\">{\"@context\":\"https:\\\/\\\/schema.org\",\"@graph\":[{\"@type\":\"WebPage\",\"@id\":\"https:\\\/\\\/www.bergos.ch\\\/de\\\/karriere\\\/\",\"url\":\"https:\\\/\\\/www.bergos.ch\\\/de\\\/karriere\\\/\",\"name\":\"Karriere - Bergos\",\"isPartOf\":{\"@id\":\"https:\\\/\\\/www.bergos.ch\\\/de\\\/#website\"},\"primaryImageOfPage\":{\"@id\":\"https:\\\/\\\/www.bergos.ch\\\/de\\\/karriere\\\/#primaryimage\"},\"image\":{\"@id\":\"https:\\\/\\\/www.bergos.ch\\\/de\\\/karriere\\\/#primaryimage\"},\"thumbnailUrl\":\"https:\\\/\\\/www.bergos.ch\\\/wp-content\\\/uploads\\\/2024\\\/02\\\/Raffaela-Ellersiek-_2-754x1024.jpg\",\"datePublished\":\"2023-04-27T17:10:55+00:00\",\"dateModified\":\"2026-04-20T07:36:28+00:00\",\"breadcrumb\":{\"@id\":\"https:\\\/\\\/www.bergos.ch\\\/de\\\/karriere\\\/#breadcrumb\"},\"inLanguage\":\"de\",\"potentialAction\":[{\"@type\":\"ReadAction\",\"target\":[\"https:\\\/\\\/www.bergos.ch\\\/de\\\/karriere\\\/\"]}]},{\"@type\":\"ImageObject\",\"inLanguage\":\"de\",\"@id\":\"https:\\\/\\\/www.bergos.ch\\\/de\\\/karriere\\\/#primaryimage\",\"url\":\"https:\\\/\\\/www.bergos.ch\\\/wp-content\\\/uploads\\\/2024\\\/02\\\/Raffaela-Ellersiek-_2-754x1024.jpg\",\"contentUrl\":\"https:\\\/\\\/www.bergos.ch\\\/wp-content\\\/uploads\\\/2024\\\/02\\\/Raffaela-Ellersiek-_2-754x1024.jpg\"},{\"@type\":\"BreadcrumbList\",\"@id\":\"https:\\\/\\\/www.bergos.ch\\\/de\\\/karriere\\\/#breadcrumb\",\"itemListElement\":[{\"@type\":\"ListItem\",\"position\":1,\"name\":\"Home\",\"item\":\"https:\\\/\\\/www.bergos.ch\\\/de\\\/\"},{\"@type\":\"ListItem\",\"position\":2,\"name\":\"Karriere\"}]},{\"@type\":\"WebSite\",\"@id\":\"https:\\\/\\\/www.bergos.ch\\\/de\\\/#website\",\"url\":\"https:\\\/\\\/www.bergos.ch\\\/de\\\/\",\"name\":\"Bergos\",\"description\":\"An independent, internationally operating Swiss private bank.\",\"publisher\":{\"@id\":\"https:\\\/\\\/www.bergos.ch\\\/de\\\/#organization\"},\"potentialAction\":[{\"@type\":\"SearchAction\",\"target\":{\"@type\":\"EntryPoint\",\"urlTemplate\":\"https:\\\/\\\/www.bergos.ch\\\/de\\\/?s={search_term_string}\"},\"query-input\":{\"@type\":\"PropertyValueSpecification\",\"valueRequired\":true,\"valueName\":\"search_term_string\"}}],\"inLanguage\":\"de\"},{\"@type\":\"Organization\",\"@id\":\"https:\\\/\\\/www.bergos.ch\\\/de\\\/#organization\",\"name\":\"Bergos AG\",\"url\":\"https:\\\/\\\/www.bergos.ch\\\/de\\\/\",\"logo\":{\"@type\":\"ImageObject\",\"inLanguage\":\"de\",\"@id\":\"https:\\\/\\\/www.bergos.ch\\\/de\\\/#\\\/schema\\\/logo\\\/image\\\/\",\"url\":\"https:\\\/\\\/www.bergos.ch\\\/wp-content\\\/uploads\\\/2025\\\/08\\\/Share.jpg\",\"contentUrl\":\"https:\\\/\\\/www.bergos.ch\\\/wp-content\\\/uploads\\\/2025\\\/08\\\/Share.jpg\",\"width\":1200,\"height\":628,\"caption\":\"Bergos AG\"},\"image\":{\"@id\":\"https:\\\/\\\/www.bergos.ch\\\/de\\\/#\\\/schema\\\/logo\\\/image\\\/\"},\"sameAs\":[\"https:\\\/\\\/www.linkedin.com\\\/company\\\/bergos-berenberg\",\"https:\\\/\\\/www.instagram.com\\\/bergosbank\\\/\"]}]}<\/script>\n<!-- \/ Yoast SEO plugin. -->","yoast_head_json":{"title":"Karriere - Bergos","robots":{"index":"index","follow":"follow","max-snippet":"max-snippet:-1","max-image-preview":"max-image-preview:large","max-video-preview":"max-video-preview:-1"},"canonical":"https:\/\/www.bergos.ch\/de\/karriere\/","og_locale":"de_DE","og_type":"article","og_title":"Karriere - Bergos","og_description":"Art is an emotional asset.","og_url":"https:\/\/www.bergos.ch\/de\/karriere\/","og_site_name":"Bergos","article_modified_time":"2026-04-20T07:36:28+00:00","og_image":[{"width":1200,"height":668,"url":"https:\/\/www.bergos.ch\/wp-content\/uploads\/2022\/03\/bergos_share_01.jpg","type":"image\/jpeg"}],"twitter_card":"summary_large_image","twitter_title":"Karriere - Bergos","twitter_description":"Art is an emotional asset.","twitter_image":"https:\/\/www.bergos.ch\/wp-content\/uploads\/2022\/03\/bergos_share_01.jpg","twitter_misc":{"Gesch\u00e4tzte Lesezeit":"3\u00a0Minuten"},"schema":{"@context":"https:\/\/schema.org","@graph":[{"@type":"WebPage","@id":"https:\/\/www.bergos.ch\/de\/karriere\/","url":"https:\/\/www.bergos.ch\/de\/karriere\/","name":"Karriere - Bergos","isPartOf":{"@id":"https:\/\/www.bergos.ch\/de\/#website"},"primaryImageOfPage":{"@id":"https:\/\/www.bergos.ch\/de\/karriere\/#primaryimage"},"image":{"@id":"https:\/\/www.bergos.ch\/de\/karriere\/#primaryimage"},"thumbnailUrl":"https:\/\/www.bergos.ch\/wp-content\/uploads\/2024\/02\/Raffaela-Ellersiek-_2-754x1024.jpg","datePublished":"2023-04-27T17:10:55+00:00","dateModified":"2026-04-20T07:36:28+00:00","breadcrumb":{"@id":"https:\/\/www.bergos.ch\/de\/karriere\/#breadcrumb"},"inLanguage":"de","potentialAction":[{"@type":"ReadAction","target":["https:\/\/www.bergos.ch\/de\/karriere\/"]}]},{"@type":"ImageObject","inLanguage":"de","@id":"https:\/\/www.bergos.ch\/de\/karriere\/#primaryimage","url":"https:\/\/www.bergos.ch\/wp-content\/uploads\/2024\/02\/Raffaela-Ellersiek-_2-754x1024.jpg","contentUrl":"https:\/\/www.bergos.ch\/wp-content\/uploads\/2024\/02\/Raffaela-Ellersiek-_2-754x1024.jpg"},{"@type":"BreadcrumbList","@id":"https:\/\/www.bergos.ch\/de\/karriere\/#breadcrumb","itemListElement":[{"@type":"ListItem","position":1,"name":"Home","item":"https:\/\/www.bergos.ch\/de\/"},{"@type":"ListItem","position":2,"name":"Karriere"}]},{"@type":"WebSite","@id":"https:\/\/www.bergos.ch\/de\/#website","url":"https:\/\/www.bergos.ch\/de\/","name":"Bergos","description":"An independent, internationally operating Swiss private bank.","publisher":{"@id":"https:\/\/www.bergos.ch\/de\/#organization"},"potentialAction":[{"@type":"SearchAction","target":{"@type":"EntryPoint","urlTemplate":"https:\/\/www.bergos.ch\/de\/?s={search_term_string}"},"query-input":{"@type":"PropertyValueSpecification","valueRequired":true,"valueName":"search_term_string"}}],"inLanguage":"de"},{"@type":"Organization","@id":"https:\/\/www.bergos.ch\/de\/#organization","name":"Bergos AG","url":"https:\/\/www.bergos.ch\/de\/","logo":{"@type":"ImageObject","inLanguage":"de","@id":"https:\/\/www.bergos.ch\/de\/#\/schema\/logo\/image\/","url":"https:\/\/www.bergos.ch\/wp-content\/uploads\/2025\/08\/Share.jpg","contentUrl":"https:\/\/www.bergos.ch\/wp-content\/uploads\/2025\/08\/Share.jpg","width":1200,"height":628,"caption":"Bergos AG"},"image":{"@id":"https:\/\/www.bergos.ch\/de\/#\/schema\/logo\/image\/"},"sameAs":["https:\/\/www.linkedin.com\/company\/bergos-berenberg","https:\/\/www.instagram.com\/bergosbank\/"]}]}},"_links":{"self":[{"href":"https:\/\/www.bergos.ch\/de\/wp-json\/wp\/v2\/pages\/8204","targetHints":{"allow":["GET"]}}],"collection":[{"href":"https:\/\/www.bergos.ch\/de\/wp-json\/wp\/v2\/pages"}],"about":[{"href":"https:\/\/www.bergos.ch\/de\/wp-json\/wp\/v2\/types\/page"}],"author":[{"embeddable":true,"href":"https:\/\/www.bergos.ch\/de\/wp-json\/wp\/v2\/users\/1"}],"replies":[{"embeddable":true,"href":"https:\/\/www.bergos.ch\/de\/wp-json\/wp\/v2\/comments?post=8204"}],"version-history":[{"count":27,"href":"https:\/\/www.bergos.ch\/de\/wp-json\/wp\/v2\/pages\/8204\/revisions"}],"predecessor-version":[{"id":17449,"href":"https:\/\/www.bergos.ch\/de\/wp-json\/wp\/v2\/pages\/8204\/revisions\/17449"}],"wp:attachment":[{"href":"https:\/\/www.bergos.ch\/de\/wp-json\/wp\/v2\/media?parent=8204"}],"curies":[{"name":"wp","href":"https:\/\/api.w.org\/{rel}","templated":true}]}}